{"id":1504,"date":"2022-04-27T13:19:47","date_gmt":"2022-04-27T17:19:47","guid":{"rendered":"https:\/\/communitylivingstormontcounty.ca\/a-propos-de-nous\/"},"modified":"2025-08-27T15:07:33","modified_gmt":"2025-08-27T19:07:33","slug":"a-propos-de-nous","status":"publish","type":"page","link":"https:\/\/communitylivingstormontcounty.ca\/fr\/a-propos-de-nous\/","title":{"rendered":"\u00c0 propos de nous"},"content":{"rendered":"\n<p>Int\u00e9gration Communautaire &#8211; comt\u00e9 de Stormont (ICCS) est un organisme sans but lucratif qui offre une vari\u00e9t\u00e9 de services aux adultes ayant une d\u00e9ficience intellectuelle. Nous sommes financ\u00e9s par le minist\u00e8re des Services \u00e0 l&rsquo;enfance et des Services sociaux et communautaires.<\/p>\n\n\n\n<h3 class=\"wp-block-heading\">INSPIRANT DES POSSIBILIT\u00c9S!<\/h3>\n\n\n\n<p>Nous sommes un organisme sans but lucratif qui vient en aide aux personnes ayant des troubles du d\u00e9veloppement et \u00e0 leur famille. La vision d&rsquo;Int\u00e9gration communautaire &#8211; comt\u00e9 de Stormont est la suivante : tous les citoyens doivent pouvoir vivre au sein d&rsquo;une collectivit\u00e9 bienveillante et capable de r\u00e9pondre \u00e0 leurs besoins, o\u00f9 tout le monde a les m\u00eames droits et les m\u00eames possibilit\u00e9s de croissance.<\/p>\n\n\n\n<div style=\"height:30px\" aria-hidden=\"true\" class=\"wp-block-spacer\"><\/div>\n\n\n\n<div class=\"wp-block-columns is-layout-flex wp-container-core-columns-is-layout-9d6595d7 wp-block-columns-is-layout-flex\">\n<div class=\"wp-block-column is-layout-flow wp-block-column-is-layout-flow\" style=\"flex-basis:66.66%\">\n<h3 class=\"wp-block-heading\">Notre mission<\/h3>\n\n\n\n<p>Int\u00e9gration Communautaire &#8211; comt\u00e9 de Stormont fournit des services de soutien et de d\u00e9fense des int\u00e9r\u00eats, en vue de promouvoir l&rsquo;inclusion totale de toutes les personnes ayant une d\u00e9ficience intellectuelle.<\/p>\n\n\n\n<h3 class=\"wp-block-heading\">Notre vision<\/h3>\n\n\n\n<p>L&rsquo;objectif d\u2019Int\u00e9gration Communautaire &#8211; comt\u00e9 de Stormont est de permettre aux personnes ayant une d\u00e9ficience intellectuelle de participer \u00e0 tous les aspects de la vie au sein de leur communaut\u00e9.<\/p>\n<\/div>\n\n\n\n<div class=\"wp-block-column is-layout-flow wp-block-column-is-layout-flow\" style=\"flex-basis:33.33%\">\n<div class=\"wp-block-group has-text-color has-background is-layout-flow wp-block-group-is-layout-flow\" style=\"color:#0a395c;background-color:#f0f5f9\">\n<h3 class=\"wp-block-heading\">Nos valeurs<\/h3>\n\n\n\n<ul class=\"wp-block-list\">\n<li>Inclusion<\/li>\n\n\n\n<li>Choix<\/li>\n\n\n\n<li>Accessibilit\u00e9<\/li>\n\n\n\n<li>Respect<\/li>\n\n\n\n<li>\u00c9galit\u00e9<\/li>\n<\/ul>\n<\/div>\n<\/div>\n<\/div>\n","protected":false},"excerpt":{"rendered":"<p>Int\u00e9gration Communautaire &#8211; comt\u00e9 de Stormont (ICCS) est un organisme sans but lucratif qui offre une vari\u00e9t\u00e9 de services aux adultes ayant une d\u00e9ficience intellectuelle. Nous sommes financ\u00e9s par le minist\u00e8re des Services \u00e0 l&rsquo;enfance et des Services sociaux et communautaires. INSPIRANT DES POSSIBILIT\u00c9S! Nous sommes un organisme sans but lucratif qui vient en aide [&hellip;]<\/p>\n","protected":false},"author":1,"featured_media":0,"parent":0,"menu_order":0,"comment_status":"closed","ping_status":"closed","template":"","meta":{"_et_pb_use_builder":"","_et_pb_old_content":"","_et_gb_content_width":"","footnotes":""},"class_list":["post-1504","page","type-page","status-publish","hentry"],"_links":{"self":[{"href":"https:\/\/communitylivingstormontcounty.ca\/fr\/wp-json\/wp\/v2\/pages\/1504","targetHints":{"allow":["GET"]}}],"collection":[{"href":"https:\/\/communitylivingstormontcounty.ca\/fr\/wp-json\/wp\/v2\/pages"}],"about":[{"href":"https:\/\/communitylivingstormontcounty.ca\/fr\/wp-json\/wp\/v2\/types\/page"}],"author":[{"embeddable":true,"href":"https:\/\/communitylivingstormontcounty.ca\/fr\/wp-json\/wp\/v2\/users\/1"}],"replies":[{"embeddable":true,"href":"https:\/\/communitylivingstormontcounty.ca\/fr\/wp-json\/wp\/v2\/comments?post=1504"}],"version-history":[{"count":9,"href":"https:\/\/communitylivingstormontcounty.ca\/fr\/wp-json\/wp\/v2\/pages\/1504\/revisions"}],"predecessor-version":[{"id":2804,"href":"https:\/\/communitylivingstormontcounty.ca\/fr\/wp-json\/wp\/v2\/pages\/1504\/revisions\/2804"}],"wp:attachment":[{"href":"https:\/\/communitylivingstormontcounty.ca\/fr\/wp-json\/wp\/v2\/media?parent=1504"}],"curies":[{"name":"wp","href":"https:\/\/api.w.org\/{rel}","templated":true}]}}