{"id":1510,"date":"2022-04-27T13:23:56","date_gmt":"2022-04-27T17:23:56","guid":{"rendered":"https:\/\/communitylivingstormontcounty.ca\/a-propos-de-nous\/loi-sur-laccessibilite\/"},"modified":"2025-10-20T09:19:30","modified_gmt":"2025-10-20T13:19:30","slug":"loi-sur-laccessibilite","status":"publish","type":"page","link":"https:\/\/communitylivingstormontcounty.ca\/fr\/a-propos-de-nous\/loi-sur-laccessibilite\/","title":{"rendered":"Loi sur l\u2019accessibilit\u00e9"},"content":{"rendered":"\n<h2 class=\"wp-block-heading\">Loi de 2005 sur l\u2019accessibilit\u00e9 pour les personnes handicap\u00e9es de l\u2019Ontario (LAPHO)<\/h2>\n\n\n\n<p><strong>(LAPHO), 2005<\/strong><\/p>\n\n\n\n<p>Il s&rsquo;agit d&rsquo;une loi de l&rsquo;Ontario qui a \u00e9labor\u00e9 des normes d&rsquo;accessibilit\u00e9 pour toutes les personnes en situation de handicap. Son objectif est d&rsquo;am\u00e9liorer les possibilit\u00e9s offertes aux personnes ayant une d\u00e9ficience intellectuelle et de favoriser leur participation \u00e0 l\u2019identification, \u00e0 l\u2019\u00e9limination et \u00e0 la pr\u00e9vention des obstacles.<\/p>\n\n\n\n<blockquote class=\"wp-block-quote is-layout-flow wp-block-quote-is-layout-flow\">\n<p>\u00ab L&rsquo;accessibilit\u00e9 consiste \u00e0 \u00e9liminer les obstacles, et non le handicap d&rsquo;une personne \u00bb.<\/p>\n\n\n\n<p>La \u00ab Norme d&rsquo;accessibilit\u00e9 pour les services \u00e0 la client\u00e8le \u00bb est ax\u00e9e sur la fa\u00e7on de fournir des services \u00e0 la client\u00e8le d&rsquo;une mani\u00e8re qui \u00e9limine ou ne cr\u00e9e pas d&rsquo;obstacles pour les personnes ayant une incapacit\u00e9 ou une d\u00e9ficience intellectuelle. \u00bb Cette norme d\u00e9finit la mani\u00e8re dont les biens et services sont fournis aux personnes que nous soutenons, au public ou \u00e0 d&rsquo;autres tierces parties, et non les biens ou les services eux-m\u00eames.<\/p>\n<\/blockquote>\n\n\n\n<h3 class=\"wp-block-heading\">Principes du service \u00e0 la client\u00e8le<\/h3>\n\n\n\n<div class=\"wp-block-columns is-layout-flex wp-container-core-columns-is-layout-9d6595d7 wp-block-columns-is-layout-flex\">\n<div class=\"wp-block-column is-layout-flow wp-block-column-is-layout-flow\">\n<ul class=\"wp-block-list\">\n<li>Respect<\/li>\n\n\n\n<li>Dignit\u00e9<\/li>\n\n\n\n<li>Autonomie<\/li>\n\n\n\n<li>\u00c9galit\u00e9 des chances<\/li>\n\n\n\n<li>Int\u00e9gration<\/li>\n<\/ul>\n<\/div>\n<\/div>\n\n\n\n<h3 class=\"wp-block-heading\">Fournir des biens et des services aux personnes ayant une incapacit\u00e9 ou une d\u00e9ficience intellectuelle<\/h3>\n\n\n\n<p>Dans l&rsquo;accomplissement de sa mission, Int\u00e9gration Communautaire &#8211; comt\u00e9 de Stormont (ICCS) s&rsquo;efforce en tout temps de fournir ses biens et services d&rsquo;une mani\u00e8re qui respecte la dignit\u00e9 et l&rsquo;autonomie de toutes les personnes, y compris les personnes ayant une incapacit\u00e9 ou une d\u00e9ficience intellectuelle. Nous nous sommes toujours engag\u00e9s \u00e0 atteindre l&rsquo;excellence en \u00e9liminant les obstacles \u00e0 l&rsquo;accessibilit\u00e9, et maintenant en r\u00e9pondant aux exigences d&rsquo;accessibilit\u00e9 en vertu des \u00ab Normes d&rsquo;accessibilit\u00e9 int\u00e9gr\u00e9es \u00bb (Loi de 2005 sur l\u2019accessibilit\u00e9 pour les personnes handicap\u00e9es de l\u2019Ontario [LAPHO]). ICCS s&rsquo;engage \u00e9galement \u00e0 offrir les m\u00eames possibilit\u00e9s d&rsquo;acc\u00e8s \u00e0 ses biens et services, au m\u00eame endroit, de la m\u00eame mani\u00e8re et \u00e0 b\u00e9n\u00e9ficier de ces services comme le feraient toutes les autres personnes. <\/p>\n\n\n\n<p>L&rsquo;accessibilit\u00e9 et l&rsquo;int\u00e9gration ont toujours \u00e9t\u00e9 une <strong>\u00ab vision avec une mission \u00bb<\/strong> pour Int\u00e9gration Communautaire &#8211; comt\u00e9 de Stormont. \u00ab La mission, la vision et les valeurs \u00bb de l&rsquo;organisation, ainsi que les documents et les politiques connexes, respectent les normes d\u2019accessibilit\u00e9 depuis un certain nombre d&rsquo;ann\u00e9es, avant m\u00eame l&rsquo;entr\u00e9e en vigueur de la LAPHO. Conform\u00e9ment au R\u00e8glement 429\/07, ICCS a \u00e9galement apport\u00e9 les r\u00e9visions et les changements n\u00e9cessaires pour que les employ\u00e9s, les b\u00e9n\u00e9voles, les \u00e9tudiants et les partenariats avec des tiers soient conformes et respectent toutes les normes en vigueur.<\/p>\n\n\n\n<p>Int\u00e9gration Communautaire &#8211; comt\u00e9 de Stormont travaille pour les personnes ayant des d\u00e9ficiences d\u00e9veloppementales (physiques et intellectuelles) et avec elles. Le 14 avril 2008, le conseil d\u2019administration du C.L.S.C. a approuv\u00e9 une motion stipulant que toute la documentation utilise l\u2019expression \u201c<strong>personnes ayant un d\u00e9fi d\u00e9veloppemental<\/strong>\u201d. <strong>Cette motion a \u00e9t\u00e9 adopt\u00e9e en r\u00e9ponse \u00e0 une demande formul\u00e9e<\/strong> par un groupe de personnes ayant des d\u00e9fis d\u00e9veloppementaux, qui ont d\u00e9clar\u00e9 qu\u2019 \u00ab\u00a0<strong>elles n\u2019\u00e9taient pas handicap\u00e9es<\/strong>,\u00a0\u00bb mais qu\u2019elles avaient simplement des \u00ab\u00a0<strong>d\u00e9fis<\/strong>\u00ab\u00a0. Elles ont demand\u00e9 que l\u2019on utilise l\u2019expression \u00ab\u00a0d\u00e9fis d\u00e9veloppementaux\u00a0\u00bb plut\u00f4t que \u00ab\u00a0d\u00e9ficiences.\u00a0\u00bb ICCS respecte leurs souhaits et leur apporte son soutien.<\/p>\n\n\n\n<p>Les employ\u00e9s, les b\u00e9n\u00e9voles, les \u00e9tudiants ou les membres de la communaut\u00e9 en situation de handicap seront d\u00e9sign\u00e9s par l&rsquo;expression \u00ab personne ayant une d\u00e9ficience \u00bb.<\/p>\n\n\n\n<p>Les politiques et les informations connexes se trouvent dans les documents suivants :<\/p>\n\n\n\n<ul class=\"wp-block-list\">\n<li>Le Guide du conseil d&rsquo;administration d&rsquo;ICCS (mod\u00e8le de gouvernance de John Carver), le Guide des politiques et proc\u00e9dures d&rsquo;ICCS et la Convention collective.<\/li>\n\n\n\n<li>Toutes les politiques pertinentes \u00e0 la Loi sont \u00e9num\u00e9r\u00e9es dans un tableau figurant aux deux pages suivantes 4\/5 et 5\/5.<\/li>\n\n\n\n<li>Le Plan d&rsquo;accessibilit\u00e9 d&rsquo;Int\u00e9gration Communautaire &#8211; comt\u00e9 de Stormont traite de l&rsquo;identification, de l&rsquo;\u00e9limination et de la pr\u00e9vention des obstacles auxquels se heurtent les personnes ayant une incapacit\u00e9 ou une d\u00e9ficience intellectuelle qui travaillent, nous rendent visite ou b\u00e9n\u00e9ficient d&rsquo;un soutien.<\/li>\n\n\n\n<li>ICCS continuera \u00e0 travailler sur la question de l&rsquo;accessibilit\u00e9 et de l&rsquo;int\u00e9gration de toutes les personnes ayant une incapacit\u00e9 ou une d\u00e9ficience intellectuelle.<\/li>\n<\/ul>\n\n\n\n<div style=\"height:50px\" aria-hidden=\"true\" class=\"wp-block-spacer\"><\/div>\n\n\n\n<h3 class=\"wp-block-heading\">FORMULAIRE DE R\u00c9TROACTION SUR L&rsquo;ACCESSIBILIT\u00c9 &#8211; SERVICE \u00c0 LA CLIENT\u00c8LE<\/h3>\n\n\n\n<div style=\"height:25px\" aria-hidden=\"true\" class=\"wp-block-spacer\"><\/div>\n\n\n\n<div class=\"wp-block-buttons is-content-justification-center is-layout-flex wp-container-core-buttons-is-layout-16018d1d wp-block-buttons-is-layout-flex\">\n<div class=\"wp-block-button\"><a class=\"wp-block-button__link wp-element-button\" href=\"\/wp-content\/documents\/Formulaire_de_r\u00e9troaction_sur_l_accessibilit\u00e9.docx\" target=\"_blank\" rel=\"noreferrer noopener\">FORMULAIRE DE R\u00c9TROACTION SUR L&rsquo;ACCESSIBILIT\u00c9 &#8211; SERVICE \u00c0 LA CLIENT\u00c8LE<\/a><\/div>\n<\/div>\n\n\n\n<div style=\"height:25px\" aria-hidden=\"true\" class=\"wp-block-spacer\"><\/div>\n\n\n\n<h4 class=\"wp-block-heading\">R\u00e9troaction sur le service \u00e0 la client\u00e8le &#8211; Sondages de satisfaction<\/h4>\n\n\n\n<p>Conform\u00e9ment au R\u00e8glement de l&rsquo;Ontario 429\/07, \u00ab Normes d&rsquo;accessibilit\u00e9 pour les services \u00e0 la client\u00e8le \u00bb, un <strong>FORMULAIRE DE R\u00c9TROACTION SUR L&rsquo;ACCESSIBILIT\u00c9 &#8211; SERVICE \u00c0 LA CLIENT\u00c8LE est mis \u00e0 la disposition du public pour qu&rsquo;il puisse faire des commentaires.<\/strong><strong> <\/strong>Il permet aux membres du public de donner leur avis sur la mani\u00e8re dont ICCS fournit des programmes, des biens et des services aux personnes ayant une incapacit\u00e9 ou une d\u00e9ficience intellectuelle. Les commentaires sur nos services concernant la fa\u00e7on dont les attentes sont satisfaites sont les bienvenus et appr\u00e9ci\u00e9s. <\/p>\n\n\n\n<p>Toute personne souhaitant soumettre un \u00ab <em>Formulaire de r\u00e9troaction sur l&rsquo;accessibilit\u00e9 &#8211; Service \u00e0 la client\u00e8le<\/em>\u00bb peut le faire en personne, par t\u00e9l\u00e9phone, par \u00e9crit ou par courriel. <\/p>\n\n\n\n<p>Le \u00ab <em>Formulaire de r\u00e9troaction sur l&rsquo;accessibilit\u00e9 &#8211; Service \u00e0 la client\u00e8le<\/em> \u00bb est disponible \u00e0 la r\u00e9ception de l\u2019\u00e9tablissement ou sur le site Web d\u2019ICCS. Ces formulaires seront adress\u00e9s \u00e0 la directrice administrative adjointe, qui les transmettra \u00e0 son tour \u00e0 la directrice g\u00e9n\u00e9rale. Les clients peuvent s&rsquo;attendre \u00e0 recevoir une r\u00e9ponse dans les 5 \u00e0 10 jours.<\/p>\n\n\n\n<hr class=\"wp-block-separator has-alpha-channel-opacity is-style-wide\"\/>\n\n\n\n<p>Les politiques de surveillance du conseil d&rsquo;administration d\u2019ICCS, les politiques internes, les documents connexes et la Convention collective \u00e9taient d\u00e9j\u00e0 conformes aux normes d\u2019accessibilit\u00e9 avant m\u00eame l&rsquo;entr\u00e9e en vigueur de la LAPHO.<\/p>\n\n\n\n<p>Conform\u00e9ment au R\u00e8glement 429\/07, Int\u00e9gration Communautaire &#8211; comt\u00e9 de Stormont a r\u00e9vis\u00e9 un grand nombre de ses politiques dans le Guide des politiques et des proc\u00e9dures afin de se conformer aux normes en vigueur.<\/p>\n\n\n\n<p><strong>L\u2019une de ces politiques, intitul\u00e9e<\/strong> \u00ab Embauche \u00bb, stipule dans chaque offre d\u2019emploi ce qui suit :<br>\u00ab Veuillez noter que, lorsque n\u00e9cessaire et sur demande d\u2019une personne en situation de handicap, des mesures d\u2019adaptation seront prises durant le processus de recrutement, d\u2019\u00e9valuation et de s\u00e9lection. \u00bb<\/p>\n\n\n\n<p class=\"has-small-font-size\"><em>(Si vous souhaitez consulter nos politiques, veuillez envoyer votre demande par courriel ou par t\u00e9l\u00e9copieur, selon le format et le moment o\u00f9 vous souhaitez les consulter).<\/em><\/p>\n\n\n\n<div style=\"height:25px\" aria-hidden=\"true\" class=\"wp-block-spacer\"><\/div>\n\n\n\n<div class=\"wp-block-columns is-layout-flex wp-container-core-columns-is-layout-9d6595d7 wp-block-columns-is-layout-flex\">\n<div class=\"wp-block-column is-layout-flow wp-block-column-is-layout-flow\">\n<div class=\"wp-block-buttons is-content-justification-center is-layout-flex wp-container-core-buttons-is-layout-16018d1d wp-block-buttons-is-layout-flex\">\n<div class=\"wp-block-button\"><a class=\"wp-block-button__link wp-element-button\" href=\"\/wp-content\/documents\/surveys\/Sondage_de_Satisfaction-Personne_ou_Intervenant-e.docx\" target=\"_blank\" rel=\"noreferrer noopener\">Sondage de Satisfaction &#8211; Personne ou Intervenant(e)<\/a><\/div>\n<\/div>\n<\/div>\n\n\n\n<div class=\"wp-block-column is-layout-flow wp-block-column-is-layout-flow\">\n<div class=\"wp-block-buttons is-content-justification-center is-layout-flex wp-container-core-buttons-is-layout-16018d1d wp-block-buttons-is-layout-flex\">\n<div class=\"wp-block-button\"><a class=\"wp-block-button__link wp-element-button\" href=\"\/wp-content\/documents\/surveys\/Sondage_de_la_r\u00e9troaction_de_la_famille_ou du-de_la_tuteur.docx\" target=\"_blank\" rel=\"noreferrer noopener\"><strong>Sondage de la r\u00e9troaction de la famille ou du\/de la tuteur(rice)<\/strong><\/a><\/div>\n<\/div>\n<\/div>\n<\/div>\n","protected":false},"excerpt":{"rendered":"<p>Loi de 2005 sur l\u2019accessibilit\u00e9 pour les personnes handicap\u00e9es de l\u2019Ontario (LAPHO) (LAPHO), 2005 Il s&rsquo;agit d&rsquo;une loi de l&rsquo;Ontario qui a \u00e9labor\u00e9 des normes d&rsquo;accessibilit\u00e9 pour toutes les personnes en situation de handicap. Son objectif est d&rsquo;am\u00e9liorer les possibilit\u00e9s offertes aux personnes ayant une d\u00e9ficience intellectuelle et de favoriser leur participation \u00e0 l\u2019identification, \u00e0 [&hellip;]<\/p>\n","protected":false},"author":1,"featured_media":0,"parent":1504,"menu_order":0,"comment_status":"closed","ping_status":"closed","template":"","meta":{"_et_pb_use_builder":"","_et_pb_old_content":"","_et_gb_content_width":"","footnotes":""},"class_list":["post-1510","page","type-page","status-publish","hentry"],"_links":{"self":[{"href":"https:\/\/communitylivingstormontcounty.ca\/fr\/wp-json\/wp\/v2\/pages\/1510","targetHints":{"allow":["GET"]}}],"collection":[{"href":"https:\/\/communitylivingstormontcounty.ca\/fr\/wp-json\/wp\/v2\/pages"}],"about":[{"href":"https:\/\/communitylivingstormontcounty.ca\/fr\/wp-json\/wp\/v2\/types\/page"}],"author":[{"embeddable":true,"href":"https:\/\/communitylivingstormontcounty.ca\/fr\/wp-json\/wp\/v2\/users\/1"}],"replies":[{"embeddable":true,"href":"https:\/\/communitylivingstormontcounty.ca\/fr\/wp-json\/wp\/v2\/comments?post=1510"}],"version-history":[{"count":8,"href":"https:\/\/communitylivingstormontcounty.ca\/fr\/wp-json\/wp\/v2\/pages\/1510\/revisions"}],"predecessor-version":[{"id":2852,"href":"https:\/\/communitylivingstormontcounty.ca\/fr\/wp-json\/wp\/v2\/pages\/1510\/revisions\/2852"}],"up":[{"embeddable":true,"href":"https:\/\/communitylivingstormontcounty.ca\/fr\/wp-json\/wp\/v2\/pages\/1504"}],"wp:attachment":[{"href":"https:\/\/communitylivingstormontcounty.ca\/fr\/wp-json\/wp\/v2\/media?parent=1510"}],"curies":[{"name":"wp","href":"https:\/\/api.w.org\/{rel}","templated":true}]}}