{"id":1514,"date":"2022-04-27T13:31:20","date_gmt":"2022-04-27T17:31:20","guid":{"rendered":"https:\/\/communitylivingstormontcounty.ca\/a-propos-de-nous\/conseil-dadministration\/"},"modified":"2025-08-26T10:32:52","modified_gmt":"2025-08-26T14:32:52","slug":"conseil-dadministration","status":"publish","type":"page","link":"https:\/\/communitylivingstormontcounty.ca\/fr\/a-propos-de-nous\/conseil-dadministration\/","title":{"rendered":"Conseil d&rsquo;administration"},"content":{"rendered":"\n<h4 class=\"wp-block-heading\">Le conseil d&rsquo;administration d\u2019Int\u00e9gration Communautaire &#8211; comt\u00e9 de Stormont est r\u00e9gi par le mod\u00e8le de gouvernance de John Carver, qui met l&rsquo;accent sur les aspects suivants :<\/h4>\n\n<ol class=\"wp-block-list\">\n<li>Une vision ext\u00e9rieure plut\u00f4t qu&rsquo;une pr\u00e9occupation int\u00e9rieure;<\/li>\n\n\n\n<li>L&rsquo;encouragement de la diversit\u00e9 des points de vue;<\/li>\n\n\n\n<li>Le leadership strat\u00e9gique plut\u00f4t que les d\u00e9tails administratifs;<\/li>\n\n\n\n<li>Une distinction claire des r\u00f4les du conseil d&rsquo;administration et de la directrice g\u00e9n\u00e9rale;<\/li>\n\n\n\n<li>Les d\u00e9cisions collectives plut\u00f4t qu&rsquo;individuelles;<\/li>\n\n\n\n<li>L&rsquo;avenir plut\u00f4t que le pass\u00e9 ou le pr\u00e9sent;<\/li>\n\n\n\n<li>La proactivit\u00e9 plut\u00f4t que la r\u00e9activit\u00e9;<\/li>\n\n\n\n<li>Suivi et \u00e9valuation des performances du conseil et des performances individuelles.<\/li>\n<\/ol>\n\n<h3 class=\"wp-block-heading\">Pr\u00e9sentation de nos administrateurs<\/h3>\n\n<p>Le conseil d&rsquo;administration est compos\u00e9 de neuf (9) administrateurs b\u00e9n\u00e9voles. Ces b\u00e9n\u00e9voles sont des membres de notre communaut\u00e9 qui ont un int\u00e9r\u00eat sinc\u00e8re et actif \u00e0 l\u2019\u00e9gard de la mission, de la vision et des valeurs d\u2019Int\u00e9gration Communautaire &#8211; comt\u00e9 de Stormont.<\/p>\n\n<div style=\"height:25px\" aria-hidden=\"true\" class=\"wp-block-spacer\"><\/div>\n\n<figure class=\"wp-block-table is-style-stripes\"><table class=\"has-fixed-layout\"><thead><tr><th class=\"has-text-align-left\" data-align=\"left\">Membre du conseil<\/th><th class=\"has-text-align-left\" data-align=\"left\">Position<\/th><\/tr><\/thead><tbody><tr><td class=\"has-text-align-left\" data-align=\"left\"><strong>Suzie Pilon<\/strong><\/td><td class=\"has-text-align-left\" data-align=\"left\">pr\u00e9sidente<\/td><\/tr><tr><td class=\"has-text-align-left\" data-align=\"left\"><strong>Randy Sabourin<\/strong><\/td><td class=\"has-text-align-left\" data-align=\"left\">vice-pr\u00e9sident<\/td><\/tr><tr><td class=\"has-text-align-left\" data-align=\"left\"><strong>Susan Ramsay<\/strong><\/td><td class=\"has-text-align-left\" data-align=\"left\">tr\u00e9sori\u00e8re<\/td><\/tr><tr><td class=\"has-text-align-left\" data-align=\"left\"><strong>Murielle Mayer<\/strong><\/td><td class=\"has-text-align-left\" data-align=\"left\">administrateur\/administratice<\/td><\/tr><tr><td class=\"has-text-align-left\" data-align=\"left\"><strong>Richard D&rsquo;Alessio<\/strong><\/td><td class=\"has-text-align-left\" data-align=\"left\">administrateur\/administratice<\/td><\/tr><tr><td class=\"has-text-align-left\" data-align=\"left\"><strong>Norman Quenneville<\/strong><\/td><td class=\"has-text-align-left\" data-align=\"left\">administrateur\/administratice<\/td><\/tr><tr><td class=\"has-text-align-left\" data-align=\"left\"><strong>Kim Walsh<\/strong><\/td><td class=\"has-text-align-left\" data-align=\"left\">administrateur\/administratice<\/td><\/tr><tr><td class=\"has-text-align-left\" data-align=\"left\"><strong>Martin Gervais<\/strong><\/td><td class=\"has-text-align-left\" data-align=\"left\">administrateur\/administratice<\/td><\/tr><tr><td class=\"has-text-align-left\" data-align=\"left\"><strong>Amanda Lalonde<\/strong><\/td><td class=\"has-text-align-left\" data-align=\"left\">administrateur\/administratice<\/td><\/tr><\/tbody><\/table><\/figure>\n\n<p><a href=\"https:\/\/communitylivingstormontcounty.ca\/wp-content\/uploads\/2025\/08\/45080701-CLSC-Strategic-Plan-2025-2028-fr.docx\" data-type=\"link\" data-id=\"https:\/\/communitylivingstormontcounty.ca\/wp-content\/uploads\/2025\/08\/CLSC-Strategic-Plan-2025-2028.docx\" target=\"_blank\" rel=\"noreferrer noopener nofollow\">Plan strat\u00e9gique du ICCS 2025-2028<\/a><\/p>\n","protected":false},"excerpt":{"rendered":"<p>Le conseil d&rsquo;administration d\u2019Int\u00e9gration Communautaire &#8211; comt\u00e9 de Stormont est r\u00e9gi par le mod\u00e8le de gouvernance de John Carver, qui met l&rsquo;accent sur les aspects suivants : Pr\u00e9sentation de nos administrateurs Le conseil d&rsquo;administration est compos\u00e9 de neuf (9) administrateurs b\u00e9n\u00e9voles. Ces b\u00e9n\u00e9voles sont des membres de notre communaut\u00e9 qui ont un int\u00e9r\u00eat sinc\u00e8re et [&hellip;]<\/p>\n","protected":false},"author":1,"featured_media":0,"parent":1504,"menu_order":0,"comment_status":"closed","ping_status":"closed","template":"","meta":{"_et_pb_use_builder":"","_et_pb_old_content":"","_et_gb_content_width":"","footnotes":""},"class_list":["post-1514","page","type-page","status-publish","hentry"],"_links":{"self":[{"href":"https:\/\/communitylivingstormontcounty.ca\/fr\/wp-json\/wp\/v2\/pages\/1514","targetHints":{"allow":["GET"]}}],"collection":[{"href":"https:\/\/communitylivingstormontcounty.ca\/fr\/wp-json\/wp\/v2\/pages"}],"about":[{"href":"https:\/\/communitylivingstormontcounty.ca\/fr\/wp-json\/wp\/v2\/types\/page"}],"author":[{"embeddable":true,"href":"https:\/\/communitylivingstormontcounty.ca\/fr\/wp-json\/wp\/v2\/users\/1"}],"replies":[{"embeddable":true,"href":"https:\/\/communitylivingstormontcounty.ca\/fr\/wp-json\/wp\/v2\/comments?post=1514"}],"version-history":[{"count":7,"href":"https:\/\/communitylivingstormontcounty.ca\/fr\/wp-json\/wp\/v2\/pages\/1514\/revisions"}],"predecessor-version":[{"id":2790,"href":"https:\/\/communitylivingstormontcounty.ca\/fr\/wp-json\/wp\/v2\/pages\/1514\/revisions\/2790"}],"up":[{"embeddable":true,"href":"https:\/\/communitylivingstormontcounty.ca\/fr\/wp-json\/wp\/v2\/pages\/1504"}],"wp:attachment":[{"href":"https:\/\/communitylivingstormontcounty.ca\/fr\/wp-json\/wp\/v2\/media?parent=1514"}],"curies":[{"name":"wp","href":"https:\/\/api.w.org\/{rel}","templated":true}]}}