{"id":1516,"date":"2022-04-27T14:24:07","date_gmt":"2022-04-27T18:24:07","guid":{"rendered":"https:\/\/communitylivingstormontcounty.ca\/services-a-lenfance\/"},"modified":"2022-07-21T14:41:40","modified_gmt":"2022-07-21T18:41:40","slug":"services-a-lenfance","status":"publish","type":"page","link":"https:\/\/communitylivingstormontcounty.ca\/fr\/nos-services\/services-a-lenfance\/","title":{"rendered":"Services \u00e0 l&rsquo;enfance"},"content":{"rendered":"\n<p>Le Service de consultation en int\u00e9gration de la petite enfance (SCIPE) d\u00e9tient une entente d\u2019achat de services avec les Services \u00e0 l\u2019enfance de la ville de Cornwall, pour offrir des services et du soutien aux enfants ayant une d\u00e9ficience intellectuelle, qui fr\u00e9quentent un lieu de service de garde autoris\u00e9.<\/p>\n\n<p>Le mod\u00e8le adopte une approche de travail d&rsquo;\u00e9quipe pour offrir un soutien \u00e0 l\u2019\u00e9ducatrice ou l\u2019\u00e9ducateur de la petite enfance autoris\u00e9(e) et \u00e0 l\u2019\u00e9quipe, qui inclut l\u2019enfant ayant une d\u00e9ficience intellectuelle, dans tous les aspects des programmes, avec l\u2019aide de la conseill\u00e8re ou du conseiller en int\u00e9gration, pour un programme r\u00e9ellement inclusif. Chaque membre de l\u2019\u00e9quipe offre le soutien n\u00e9cessaire pour r\u00e9pondre aux besoins de l\u2019enfant. <\/p>\n\n<h3 class=\"wp-block-heading\">Le mod\u00e8le se compose de 4 domaines cl\u00e9s : <\/h3>\n\n<h4 class=\"wp-block-heading\">Conseill\u00e8res et conseillers en int\u00e9gration<\/h4>\n\n<p>Les conseill\u00e8res et conseillers en int\u00e9gration sont employ\u00e9s par Int\u00e9gration Communautaire &#8211; comt\u00e9 de Stormont (ICCS) dans le Service de consultation en int\u00e9gration de la petite enfance (SCIPE). Chacun d&rsquo;entre eux est affect\u00e9 \u00e0 un centre de garde d&rsquo;enfants sp\u00e9cifique o\u00f9 se trouvent un ou plusieurs enfants pr\u00e9sentant des d\u00e9ficiences d\u00e9veloppementales. Ils constituent une ressource pour les \u00e9ducateurs\/\u00e9ducatrices et les superviseur(e)s des programmes.<\/p>\n\n<h4 class=\"wp-block-heading\">Services de consultation<\/h4>\n\n<p>Les conseill\u00e8res et conseillers en int\u00e9gration peuvent fournir des conseils \u00e0 tout centre de garde d&rsquo;enfants autoris\u00e9 dans les comt\u00e9s de Stormont, Dundas et Glengarry. Ils ne sont pas assign\u00e9s \u00e0 un enfant en particulier. Leur r\u00f4le est d&rsquo;encadrer, de montrer l&rsquo;exemple et de faire des suggestions, des adaptations ou des modifications pour r\u00e9pondre aux besoins de l&rsquo;enfant, afin que celui-ci puisse \u00eatre pleinement int\u00e9gr\u00e9 au programme de garde d&rsquo;enfants. Ils mettent en place des visites r\u00e9guli\u00e8res dans les centres et organisent des r\u00e9unions de planification pour chaque enfant. Plus important encore, ils plaident pour l&rsquo;inclusion totale de tous les enfants dans nos programmes.<\/p>\n\n<h4 class=\"wp-block-heading\">Renforcement des capacit\u00e9s communautaires<\/h4>\n\n<p>Le renforcement des capacit\u00e9s communautaires est un aspect important du mod\u00e8le. L&rsquo;objectif est de renforcer les capacit\u00e9s communautaires en soutenant les enfants ayant une d\u00e9ficience intellectuelle. Cela peut se faire en proposant des mini-ateliers pour les \u00e9ducateurs et \u00e9ducatrices ou les parents et des pr\u00e9sentations dans les lyc\u00e9es et coll\u00e8ges.<\/p>\n\n<h4 class=\"wp-block-heading\">Ressources<\/h4>\n\n<p>Les ressources peuvent comprendre divers jouets, \u00e9quipements ou livres en rapport avec les d\u00e9ficiences d\u00e9veloppementales. Ces articles sont disponibles dans la biblioth\u00e8que du Service de consultation en int\u00e9gration de la petite enfance (SCIPE). Les conseillers et conseill\u00e8res en int\u00e9gration fourniront \u00e0 chaque centre une liste d\u00e9taill\u00e9e d&rsquo;articles qu&rsquo;ils peuvent emprunter pour faciliter l&rsquo;int\u00e9gration des enfants ayant une d\u00e9ficience intellectuelle dans leurs programmes. <\/p>\n\n<p>Pour en savoir plus, veuillez t\u00e9l\u00e9phoner au <a href=\"tel:6139389550\">613-938-9550<\/a>ou adresser votre demande par courriel \u00e0 <a href=\"mailto:info@clstormont.ca\">info@clstormont.ca<\/a><\/p>\n\n<hr class=\"wp-block-separator has-alpha-channel-opacity is-style-wide\"\/>\n\n<h3 class=\"wp-block-heading\">Admissibilit\u00e9<\/h3>\n\n<p>Pour \u00eatre admissible, l\u2019enfant doit \u00eatre inscrit \u00e0 un programme de services de garde autoris\u00e9 (centre ou milieu familial) ou un programme de garde parascolaire autoris\u00e9. L&rsquo;enfant doit avoir une d\u00e9ficience d\u00e9veloppementale, c&rsquo;est-\u00e0-dire \u00eatre confront\u00e9 \u00e0 des obstacles au d\u00e9veloppement et au fonctionnement normaux dans un ou plusieurs des domaines de d\u00e9veloppement suivants : physique, social, \u00e9motionnel, communicationnel et intellectuel, et \u00eatre \u00e2g\u00e9 de moins de 13 ans. <\/p>\n\n<h3 class=\"wp-block-heading\">Aiguillage<\/h3>\n\n<p>Toute demande de services doit \u00eatre faite par l&rsquo;interm\u00e9diaire de Services \u00e0 l&rsquo;enfance de la ville de Cornwall. Pour en savoir plus, visiter le site Web de la ville de Cornwall : <\/p>\n\n<p><a href=\"https:\/\/www.cornwall.ca\/en\/live-here\/special-needs-services.aspx\">Services d&rsquo;int\u00e9gration &#8211; Ville de Cornwall<\/a><\/p>\n\n<p>Pour en savoir plus sur le SCIPE, veuillez t\u00e9l\u00e9phoner au <a href=\"tel:6139389550\">613-938-9550<\/a> ou adresser votre demande par courriel \u00e0 <a href=\"mailto:info@clstormont.ca\">info@clstormont.ca<\/a><\/p>\n","protected":false},"excerpt":{"rendered":"<p>Le Service de consultation en int\u00e9gration de la petite enfance (SCIPE) d\u00e9tient une entente d\u2019achat de services avec les Services \u00e0 l\u2019enfance de la ville de Cornwall, pour offrir des services et du soutien aux enfants ayant une d\u00e9ficience intellectuelle, qui fr\u00e9quentent un lieu de service de garde autoris\u00e9. Le mod\u00e8le adopte une approche de [&hellip;]<\/p>\n","protected":false},"author":1,"featured_media":0,"parent":1540,"menu_order":0,"comment_status":"closed","ping_status":"closed","template":"","meta":{"_et_pb_use_builder":"","_et_pb_old_content":"","_et_gb_content_width":"","footnotes":""},"class_list":["post-1516","page","type-page","status-publish","hentry"],"_links":{"self":[{"href":"https:\/\/communitylivingstormontcounty.ca\/fr\/wp-json\/wp\/v2\/pages\/1516","targetHints":{"allow":["GET"]}}],"collection":[{"href":"https:\/\/communitylivingstormontcounty.ca\/fr\/wp-json\/wp\/v2\/pages"}],"about":[{"href":"https:\/\/communitylivingstormontcounty.ca\/fr\/wp-json\/wp\/v2\/types\/page"}],"author":[{"embeddable":true,"href":"https:\/\/communitylivingstormontcounty.ca\/fr\/wp-json\/wp\/v2\/users\/1"}],"replies":[{"embeddable":true,"href":"https:\/\/communitylivingstormontcounty.ca\/fr\/wp-json\/wp\/v2\/comments?post=1516"}],"version-history":[{"count":4,"href":"https:\/\/communitylivingstormontcounty.ca\/fr\/wp-json\/wp\/v2\/pages\/1516\/revisions"}],"predecessor-version":[{"id":2003,"href":"https:\/\/communitylivingstormontcounty.ca\/fr\/wp-json\/wp\/v2\/pages\/1516\/revisions\/2003"}],"up":[{"embeddable":true,"href":"https:\/\/communitylivingstormontcounty.ca\/fr\/wp-json\/wp\/v2\/pages\/1540"}],"wp:attachment":[{"href":"https:\/\/communitylivingstormontcounty.ca\/fr\/wp-json\/wp\/v2\/media?parent=1516"}],"curies":[{"name":"wp","href":"https:\/\/api.w.org\/{rel}","templated":true}]}}