{"id":1518,"date":"2022-04-27T14:24:36","date_gmt":"2022-04-27T18:24:36","guid":{"rendered":"https:\/\/communitylivingstormontcounty.ca\/services-aux-adultes\/"},"modified":"2025-07-17T13:53:18","modified_gmt":"2025-07-17T17:53:18","slug":"services-aux-adultes","status":"publish","type":"page","link":"https:\/\/communitylivingstormontcounty.ca\/fr\/nos-services\/services-aux-adultes\/","title":{"rendered":"Services aux adultes"},"content":{"rendered":"\n<h2 class=\"wp-block-heading\">Processus d&rsquo;aiguillage<\/h2>\n\n<p>Tous les aiguillages vers les services pour adultes doivent \u00eatre effectu\u00e9s aupr\u00e8s de Services de l&rsquo;Ontario pour les personnes ayant une d\u00e9ficience intellectuelle \u2013 <a href=\"https:\/\/www.sopdi.ca\/agencies\/dso-eastern\" target=\"_blank\" rel=\"noreferrer noopener\">www.dsontario.ca<\/a> \u2013 <a href=\"tel:18553763737\">1-855-376-3737<\/a><\/p>\n\n<h2 class=\"wp-block-heading\">Cliquez sur les cases ci-dessous pour en savoir plus sur notre assistance et nos services.<\/h2>\n\n<div style=\"height:30px\" aria-hidden=\"true\" class=\"wp-block-spacer\"><\/div>\n\n<div class=\"wp-block-buttons is-layout-flex wp-block-buttons-is-layout-flex\">\n<div class=\"wp-block-button\"><a class=\"wp-block-button__link wp-element-button\" href=\"https:\/\/communitylivingstormontcounty.ca\/fr\/nos-services\/services-aux-adultes\/services-de-soutien-au-logement\/\">Services de soutien \u00e0 l\u2019autonomie<\/a><\/div>\n\n\n\n<div class=\"wp-block-button\"><a class=\"wp-block-button__link wp-element-button\" href=\"https:\/\/communitylivingstormontcounty.ca\/fr\/nos-services\/services-aux-adultes\/programme-daide-a-lemploi\/\">Programme d&rsquo;aide \u00e0 l&#8217;emploi<\/a><\/div>\n\n\n\n<div class=\"wp-block-button\"><a class=\"wp-block-button__link wp-element-button\" href=\"https:\/\/communitylivingstormontcounty.ca\/fr\/nos-services\/services-aux-adultes\/soutiens-communautaires\/\">Services de soutien communautaire<\/a><\/div>\n<\/div>\n","protected":false},"excerpt":{"rendered":"<p>Processus d&rsquo;aiguillage Tous les aiguillages vers les services pour adultes doivent \u00eatre effectu\u00e9s aupr\u00e8s de Services de l&rsquo;Ontario pour les personnes ayant une d\u00e9ficience intellectuelle \u2013 www.dsontario.ca \u2013 1-855-376-3737 Cliquez sur les cases ci-dessous pour en savoir plus sur notre assistance et nos services.<\/p>\n","protected":false},"author":1,"featured_media":0,"parent":1540,"menu_order":0,"comment_status":"closed","ping_status":"closed","template":"","meta":{"_et_pb_use_builder":"","_et_pb_old_content":"","_et_gb_content_width":"","footnotes":""},"class_list":["post-1518","page","type-page","status-publish","hentry"],"_links":{"self":[{"href":"https:\/\/communitylivingstormontcounty.ca\/fr\/wp-json\/wp\/v2\/pages\/1518","targetHints":{"allow":["GET"]}}],"collection":[{"href":"https:\/\/communitylivingstormontcounty.ca\/fr\/wp-json\/wp\/v2\/pages"}],"about":[{"href":"https:\/\/communitylivingstormontcounty.ca\/fr\/wp-json\/wp\/v2\/types\/page"}],"author":[{"embeddable":true,"href":"https:\/\/communitylivingstormontcounty.ca\/fr\/wp-json\/wp\/v2\/users\/1"}],"replies":[{"embeddable":true,"href":"https:\/\/communitylivingstormontcounty.ca\/fr\/wp-json\/wp\/v2\/comments?post=1518"}],"version-history":[{"count":9,"href":"https:\/\/communitylivingstormontcounty.ca\/fr\/wp-json\/wp\/v2\/pages\/1518\/revisions"}],"predecessor-version":[{"id":2726,"href":"https:\/\/communitylivingstormontcounty.ca\/fr\/wp-json\/wp\/v2\/pages\/1518\/revisions\/2726"}],"up":[{"embeddable":true,"href":"https:\/\/communitylivingstormontcounty.ca\/fr\/wp-json\/wp\/v2\/pages\/1540"}],"wp:attachment":[{"href":"https:\/\/communitylivingstormontcounty.ca\/fr\/wp-json\/wp\/v2\/media?parent=1518"}],"curies":[{"name":"wp","href":"https:\/\/api.w.org\/{rel}","templated":true}]}}