{"id":1523,"date":"2022-06-22T14:59:03","date_gmt":"2022-06-22T18:59:03","guid":{"rendered":"https:\/\/communitylivingstormontcounty.ca\/programme-daide-a-lemploi\/"},"modified":"2025-07-30T11:14:47","modified_gmt":"2025-07-30T15:14:47","slug":"programme-daide-a-lemploi","status":"publish","type":"page","link":"https:\/\/communitylivingstormontcounty.ca\/fr\/nos-services\/services-aux-adultes\/programme-daide-a-lemploi\/","title":{"rendered":"Programme d&rsquo;aide \u00e0 l&#8217;emploi"},"content":{"rendered":"\n<p>L&rsquo;objectif de ce programme est d&rsquo;enseigner aux personnes les comp\u00e9tences n\u00e9cessaires pour devenir aussi autonomes que possible et trouver un emploi r\u00e9mun\u00e9r\u00e9 dans leur communaut\u00e9, que ce soit un emploi \u00e0 temps plein ou \u00e0 temps partiel.<\/p>\n\n\n\n<ul class=\"wp-block-list\">\n<li>R\u00e9daction d\u2019un curriculum vit\u00e6 et techniques d&rsquo;entretien<\/li>\n\n\n\n<li>Recherche d&#8217;emploi et jumelage<\/li>\n\n\n\n<li>D\u00e9veloppement de comp\u00e9tences<\/li>\n\n\n\n<li>Formation aux d\u00e9placements<\/li>\n\n\n\n<li>Acc\u00e8s \u00e0 des formateurs en milieu de travail<\/li>\n\n\n\n<li>Soutien continu de suivi<\/li>\n\n\n\n<li>Aide \u00e0 la d\u00e9claration des revenus (Programme ontarien de soutien aux personnes handicap\u00e9es [POSPH])<\/li>\n\n\n\n<li>S\u00e9curit\u00e9 en milieu de travail<\/li>\n<\/ul>\n\n\n\n<figure class=\"wp-block-gallery has-nested-images columns-default is-cropped wp-block-gallery-1 is-layout-flex wp-block-gallery-is-layout-flex\">\n<figure class=\"wp-block-image size-large\"><img loading=\"lazy\" decoding=\"async\" width=\"683\" height=\"1024\" data-id=\"1562\" src=\"https:\/\/communitylivingstormontcounty.ca\/wp-content\/uploads\/2022\/07\/FeildlessFarmsPHO01149-1-683x1024.jpg\" alt=\"\" class=\"wp-image-1562\"\/><\/figure>\n\n\n\n<figure class=\"wp-block-image size-full\"><img loading=\"lazy\" decoding=\"async\" width=\"610\" height=\"737\" data-id=\"1373\" src=\"https:\/\/communitylivingstormontcounty.ca\/wp-content\/uploads\/2022\/06\/Home-Depot-2.jpg\" alt=\"\" class=\"wp-image-1373\" srcset=\"https:\/\/communitylivingstormontcounty.ca\/wp-content\/uploads\/2022\/06\/Home-Depot-2.jpg 610w, https:\/\/communitylivingstormontcounty.ca\/wp-content\/uploads\/2022\/06\/Home-Depot-2-480x580.jpg 480w\" sizes=\"(min-width: 0px) and (max-width: 480px) 480px, (min-width: 481px) 610px, 100vw\" \/><\/figure>\n\n\n\n<figure class=\"wp-block-image size-large is-style-default\"><img loading=\"lazy\" decoding=\"async\" width=\"1024\" height=\"683\" data-id=\"1493\" src=\"https:\/\/communitylivingstormontcounty.ca\/wp-content\/uploads\/2022\/07\/Medical-ArtsA7400735-1024x683.jpg\" alt=\"\" class=\"wp-image-1493\" srcset=\"https:\/\/communitylivingstormontcounty.ca\/wp-content\/uploads\/2022\/07\/Medical-ArtsA7400735-980x653.jpg 980w, https:\/\/communitylivingstormontcounty.ca\/wp-content\/uploads\/2022\/07\/Medical-ArtsA7400735-480x320.jpg 480w\" sizes=\"(min-width: 0px) and (max-width: 480px) 480px, (min-width: 481px) and (max-width: 980px) 980px, (min-width: 981px) 1024px, 100vw\" \/><\/figure>\n<\/figure>\n\n\n\n<h3 class=\"wp-block-heading\">Processus d&rsquo;aiguillage<\/h3>\n\n\n\n<p>Tous les aiguillages vers les services pour adultes doivent \u00eatre effectu\u00e9s aupr\u00e8s de <a href=\"https:\/\/www.dsontario.ca\/\">Services de l&rsquo;Ontario pour les personnes ayant une d\u00e9ficience intellectuelle \u2013 www.dsontario.ca<\/a> \u2013 <a href=\"tel:18553763737\">1 855 376-3737<\/a><\/p>\n\n\n\n<hr class=\"wp-block-separator has-alpha-channel-opacity is-style-wide\"\/>\n\n\n\n<h2 class=\"wp-block-heading\">Connecteurs d&#8217;emploi<\/h2>\n\n\n\n<p>Devenez un connecteur d&#8217;emploi et d\u00e9couvrez les avantages d&#8217;embaucher une personne ayant une d\u00e9ficience intellectuelle issue de votre communaut\u00e9.<\/p>\n\n\n\n<figure class=\"wp-block-embed is-type-video is-provider-vimeo wp-block-embed-vimeo\"><div class=\"wp-block-embed__wrapper\">\n<iframe loading=\"lazy\" src=\"https:\/\/player.vimeo.com\/video\/727472451?dnt=1&amp;app_id=122963\" width=\"1080\" height=\"570\" frameborder=\"0\" allow=\"autoplay; fullscreen; picture-in-picture; clipboard-write; encrypted-media; web-share\" referrerpolicy=\"strict-origin-when-cross-origin\"><\/iframe>\n<\/div><\/figure>\n\n\n\n<h4 class=\"wp-block-heading\">Les avantages comprennent les suivants :<\/h4>\n\n\n\n<ul class=\"wp-block-list\">\n<li>acc\u00e8s \u00e0 une main-d&rsquo;\u0153uvre diversifi\u00e9e et assidue<\/li>\n\n\n\n<li>formation sur place et soutien de suivi<\/li>\n\n\n\n<li>r\u00e9duction du temps consacr\u00e9 au recrutement<\/li>\n\n\n\n<li>acc\u00e8s aux incitations gouvernementales<\/li>\n\n\n\n<li>processus et formalit\u00e9s administratives simplifi\u00e9s<\/li>\n<\/ul>\n\n\n\n<h3 class=\"wp-block-heading\">Pour plus d&rsquo;information :<\/h3>\n\n\n\n<p><strong>T\u00e9l\u00e9phone<\/strong>:\u00a0<a href=\"tel:6139389550\">613-938-9550<\/a><br><strong>Courriel<\/strong>:\u00a0<a href=\"mailto:n.paquette@clstormont.ca\">n.paquette@clstormont.ca<\/a><\/p>\n\n\n\n<p><\/p>\n","protected":false},"excerpt":{"rendered":"<p>L&rsquo;objectif de ce programme est d&rsquo;enseigner aux personnes les comp\u00e9tences n\u00e9cessaires pour devenir aussi autonomes que possible et trouver un emploi r\u00e9mun\u00e9r\u00e9 dans leur communaut\u00e9, que ce soit un emploi \u00e0 temps plein ou \u00e0 temps partiel. Processus d&rsquo;aiguillage Tous les aiguillages vers les services pour adultes doivent \u00eatre effectu\u00e9s aupr\u00e8s de Services de l&rsquo;Ontario [&hellip;]<\/p>\n","protected":false},"author":1,"featured_media":0,"parent":1518,"menu_order":0,"comment_status":"closed","ping_status":"closed","template":"","meta":{"_et_pb_use_builder":"","_et_pb_old_content":"","_et_gb_content_width":"","footnotes":""},"class_list":["post-1523","page","type-page","status-publish","hentry"],"_links":{"self":[{"href":"https:\/\/communitylivingstormontcounty.ca\/fr\/wp-json\/wp\/v2\/pages\/1523","targetHints":{"allow":["GET"]}}],"collection":[{"href":"https:\/\/communitylivingstormontcounty.ca\/fr\/wp-json\/wp\/v2\/pages"}],"about":[{"href":"https:\/\/communitylivingstormontcounty.ca\/fr\/wp-json\/wp\/v2\/types\/page"}],"author":[{"embeddable":true,"href":"https:\/\/communitylivingstormontcounty.ca\/fr\/wp-json\/wp\/v2\/users\/1"}],"replies":[{"embeddable":true,"href":"https:\/\/communitylivingstormontcounty.ca\/fr\/wp-json\/wp\/v2\/comments?post=1523"}],"version-history":[{"count":9,"href":"https:\/\/communitylivingstormontcounty.ca\/fr\/wp-json\/wp\/v2\/pages\/1523\/revisions"}],"predecessor-version":[{"id":2751,"href":"https:\/\/communitylivingstormontcounty.ca\/fr\/wp-json\/wp\/v2\/pages\/1523\/revisions\/2751"}],"up":[{"embeddable":true,"href":"https:\/\/communitylivingstormontcounty.ca\/fr\/wp-json\/wp\/v2\/pages\/1518"}],"wp:attachment":[{"href":"https:\/\/communitylivingstormontcounty.ca\/fr\/wp-json\/wp\/v2\/media?parent=1523"}],"curies":[{"name":"wp","href":"https:\/\/api.w.org\/{rel}","templated":true}]}}