{"id":1528,"date":"2022-06-27T13:47:06","date_gmt":"2022-06-27T17:47:06","guid":{"rendered":"https:\/\/communitylivingstormontcounty.ca\/une-histoire-a-succes\/"},"modified":"2022-07-11T12:40:43","modified_gmt":"2022-07-11T16:40:43","slug":"une-histoire-a-succes","status":"publish","type":"page","link":"https:\/\/communitylivingstormontcounty.ca\/fr\/une-histoire-a-succes\/","title":{"rendered":"Une histoire \u00e0 succ\u00e8s"},"content":{"rendered":"\n<h2 class=\"wp-block-heading\">L&rsquo;envie de r\u00e9ussir<\/h2>\n\n<div class=\"wp-block-columns is-layout-flex wp-container-core-columns-is-layout-9d6595d7 wp-block-columns-is-layout-flex\">\n<div class=\"wp-block-column is-layout-flow wp-block-column-is-layout-flow\">\n<h4 class=\"wp-block-heading\">Si vous \u00eates d\u00e9j\u00e0 all\u00e9 chez Home Depot, vous avez peut-\u00eatre rencontr\u00e9 Kirk, l&rsquo;un de leurs associ\u00e9s de terrain. Comme Norman dans Cheers&#8230; chez Home Depot, tout le monde conna\u00eet Kirk par son nom! On peut souvent entendre sa voix enjou\u00e9e dans tout le magasin!<\/h4>\n\n\n\n<p>Kirk a commenc\u00e9 \u00e0 recevoir un soutien d\u2019ICCS en 2000, il avait alors une vingtaine d&rsquo;ann\u00e9es. Il voulait travailler. Au fil des ans, c&rsquo;est ce qu&rsquo;il a fait, il a travaill\u00e9&#8230; et quel travailleur il est! Avec un peu d&rsquo;aide d\u2019ICCS, il a occup\u00e9 plusieurs emplois au fil des ans, y compris l&rsquo;entretien des terrains pour Cornwall &amp; Area Housing, le nettoyage des voitures dans un lave-auto local, le nettoyage \u00e0 Fabricville et au Cornwall Gymnastics Club, pour finalement d\u00e9crocher un emploi chez Home Depot en 2011. Pr\u00e8s de 11 ans plus tard, il est toujours un employ\u00e9 appr\u00e9ci\u00e9. <\/p>\n\n\n\n<p><\/p>\n\n\n\n<figure class=\"wp-block-gallery has-nested-images columns-default is-cropped wp-block-gallery-1 is-layout-flex wp-block-gallery-is-layout-flex\">\n<figure class=\"wp-block-image size-large\"><img loading=\"lazy\" decoding=\"async\" width=\"610\" height=\"737\" data-id=\"1373\" src=\"https:\/\/communitylivingstormontcounty.ca\/wp-content\/uploads\/2022\/06\/Home-Depot-2.jpg\" alt=\"\" class=\"wp-image-1373\" srcset=\"https:\/\/communitylivingstormontcounty.ca\/wp-content\/uploads\/2022\/06\/Home-Depot-2.jpg 610w, https:\/\/communitylivingstormontcounty.ca\/wp-content\/uploads\/2022\/06\/Home-Depot-2-480x580.jpg 480w\" sizes=\"(min-width: 0px) and (max-width: 480px) 480px, (min-width: 481px) 610px, 100vw\" \/><\/figure>\n\n\n\n<figure class=\"wp-block-image size-large\"><img loading=\"lazy\" decoding=\"async\" width=\"576\" height=\"768\" data-id=\"1377\" src=\"https:\/\/communitylivingstormontcounty.ca\/wp-content\/uploads\/2022\/06\/Home-Depot-1.jpg\" alt=\"\" class=\"wp-image-1377\" srcset=\"https:\/\/communitylivingstormontcounty.ca\/wp-content\/uploads\/2022\/06\/Home-Depot-1.jpg 576w, https:\/\/communitylivingstormontcounty.ca\/wp-content\/uploads\/2022\/06\/Home-Depot-1-480x640.jpg 480w\" sizes=\"(min-width: 0px) and (max-width: 480px) 480px, (min-width: 481px) 576px, 100vw\" \/><\/figure>\n\n\n\n<figure class=\"wp-block-image size-large\"><img loading=\"lazy\" decoding=\"async\" width=\"676\" height=\"1024\" data-id=\"1375\" src=\"https:\/\/communitylivingstormontcounty.ca\/wp-content\/uploads\/2022\/06\/Home-Depot-3-676x1024.jpg\" alt=\"\" class=\"wp-image-1375\" srcset=\"https:\/\/communitylivingstormontcounty.ca\/wp-content\/uploads\/2022\/06\/Home-Depot-3-676x1024.jpg 676w, https:\/\/communitylivingstormontcounty.ca\/wp-content\/uploads\/2022\/06\/Home-Depot-3-480x727.jpg 480w\" sizes=\"(min-width: 0px) and (max-width: 480px) 480px, (min-width: 481px) 676px, 100vw\" \/><\/figure>\n<\/figure>\n\n\n\n<p><\/p>\n\n\n\n<p>Kirk a \u00e9t\u00e9 r\u00e9compens\u00e9 par Home Depot \u00e0 plusieurs reprises au fil des ans. R\u00e9cemment, il a re\u00e7u le prix GET apr\u00e8s qu\u2019un \u00ab coll\u00e8gue l\u2019ait vu fournir un excellent service \u00e0 la client\u00e8le et appliquer tous les principes GET (Greet, Engage &amp; Thank) \u00bb, et il a \u00e9t\u00e9 nomm\u00e9 \u00ab Operations Associate of the Month \u00bb. Kirk est entour\u00e9 d\u2019un groupe de personnes formidables chez Home Depot, ses coll\u00e8gues, ses superviseurs et la direction, qui veillent \u00e0 ses int\u00e9r\u00eats.<\/p>\n\n\n\n<p>Depuis son plus jeune \u00e2ge, Kirk a toujours \u00e9t\u00e9 passionn\u00e9 par tout ce qui a des roues. Il a commenc\u00e9 par les v\u00e9los, qu\u2019il d\u00e9montait et remontait. Souvent, pendant ses jours de cong\u00e9, il donnait un coup de main \u00e0 divers magasins de v\u00e9los pour les aider \u00e0 les assembler. Il avait des v\u00e9los d\u2019\u00e9t\u00e9 et d\u2019hiver, et a m\u00eame bricol\u00e9 une remorque \u00e0 attacher \u00e0 ses v\u00e9los pour pouvoir transporter des choses, puisque c\u2019\u00e9tait son principal moyen de transport. Apr\u00e8s avoir travaill\u00e9 quelques ann\u00e9es chez Home Depot, les choses ont chang\u00e9. Ses efforts ont port\u00e9 leurs fruits. Avec plus d\u2019argent en poche et un peu de conseils de son travailleur d\u2019aide \u00e0 la vie autonome, il a \u00e9conomis\u00e9 assez d\u2019argent pour acheter une voiture! D\u2019abord, il devait obtenir son permis de conduire. Avec du soutien, il a r\u00e9ussi \u00e0 obtenir son permis de conduire en 2015, quelques ann\u00e9es plus tard, il a achet\u00e9 sa premi\u00e8re voiture, sa fiert\u00e9 et sa joie!<\/p>\n\n\n\n<p>Gr\u00e2ce \u00e0 sa pers\u00e9v\u00e9rance, Kirk a accompli de nombreuses choses. Il a appris \u00e0 utiliser un t\u00e9l\u00e9phone portable et \u00e0 envoyer des SMS. Sa famille de Home Depot lui a appris \u00e0 utiliser l&rsquo;ordinateur au travail pour consulter ses renseignements personnels. Kirk a son propre appartement, qu&rsquo;il partage avec sa chatte Heidi. Il fait de son mieux pour concilier toutes les exigences de la vie quotidienne et, avec un peu de soutien, il s&rsquo;en sort plut\u00f4t bien. <\/p>\n\n\n\n<blockquote class=\"wp-block-quote is-layout-flow wp-block-quote-is-layout-flow\"><p> Il est gentil et respectueux, et a tendance \u00e0 ne voir que le bien chez les gens. Il est loyal envers ses amis, sa famille et ses coll\u00e8gues, et il est toujours pr\u00eat \u00e0 aider. Je crois que c&rsquo;est ce qui le rend vraiment heureux, le fait de se sentir appr\u00e9ci\u00e9 et utile.<\/p><cite>Nicole Paquette, coordonnatrice du placement r\u00e9sidentiel \u00e0 Int\u00e9gration Communautaire &#8211; comt\u00e9 de Stormont.<\/cite><\/blockquote>\n\n\n\n<p><\/p>\n\n\n\n<blockquote class=\"wp-block-quote is-layout-flow wp-block-quote-is-layout-flow\"><p>\u00ab En un mot, Kirk affiche les valeurs orange au quotidien. Il est toujours ponctuel, travailleur, amical et extr\u00eamement disponible lorsqu&rsquo;il s&rsquo;agit de changer ou de remplir des quarts de travail. Il se donne \u00e0 110 % et semble heureux de faire partie de la famille Home Depot. Kirk est un membre pr\u00e9cieux et vraiment appr\u00e9ci\u00e9. \u00bb <\/p><cite>Cynthia Stead, coordinatrice de la dotation en personnel chez Home Depot.<\/cite><\/blockquote>\n<\/div>\n<\/div>\n","protected":false},"excerpt":{"rendered":"<p>L&rsquo;envie de r\u00e9ussir Si vous \u00eates d\u00e9j\u00e0 all\u00e9 chez Home Depot, vous avez peut-\u00eatre rencontr\u00e9 Kirk, l&rsquo;un de leurs associ\u00e9s de terrain. Comme Norman dans Cheers&#8230; chez Home Depot, tout le monde conna\u00eet Kirk par son nom! On peut souvent entendre sa voix enjou\u00e9e dans tout le magasin! Kirk a commenc\u00e9 \u00e0 recevoir un soutien [&hellip;]<\/p>\n","protected":false},"author":1,"featured_media":0,"parent":0,"menu_order":0,"comment_status":"closed","ping_status":"closed","template":"","meta":{"_et_pb_use_builder":"","_et_pb_old_content":"","_et_gb_content_width":"","footnotes":""},"class_list":["post-1528","page","type-page","status-publish","hentry"],"_links":{"self":[{"href":"https:\/\/communitylivingstormontcounty.ca\/fr\/wp-json\/wp\/v2\/pages\/1528","targetHints":{"allow":["GET"]}}],"collection":[{"href":"https:\/\/communitylivingstormontcounty.ca\/fr\/wp-json\/wp\/v2\/pages"}],"about":[{"href":"https:\/\/communitylivingstormontcounty.ca\/fr\/wp-json\/wp\/v2\/types\/page"}],"author":[{"embeddable":true,"href":"https:\/\/communitylivingstormontcounty.ca\/fr\/wp-json\/wp\/v2\/users\/1"}],"replies":[{"embeddable":true,"href":"https:\/\/communitylivingstormontcounty.ca\/fr\/wp-json\/wp\/v2\/comments?post=1528"}],"version-history":[{"count":5,"href":"https:\/\/communitylivingstormontcounty.ca\/fr\/wp-json\/wp\/v2\/pages\/1528\/revisions"}],"predecessor-version":[{"id":1632,"href":"https:\/\/communitylivingstormontcounty.ca\/fr\/wp-json\/wp\/v2\/pages\/1528\/revisions\/1632"}],"wp:attachment":[{"href":"https:\/\/communitylivingstormontcounty.ca\/fr\/wp-json\/wp\/v2\/media?parent=1528"}],"curies":[{"name":"wp","href":"https:\/\/api.w.org\/{rel}","templated":true}]}}