{"id":1530,"date":"2022-04-27T14:25:14","date_gmt":"2022-04-27T18:25:14","guid":{"rendered":"https:\/\/communitylivingstormontcounty.ca\/programme-passeport\/"},"modified":"2025-08-21T12:25:44","modified_gmt":"2025-08-21T16:25:44","slug":"programme-passeport","status":"publish","type":"page","link":"https:\/\/communitylivingstormontcounty.ca\/fr\/nos-services\/programme-passeport\/","title":{"rendered":"Programme Passeport"},"content":{"rendered":"\n<p>Int\u00e9gration Communautaire &#8211; comt\u00e9 de Stormont reconna\u00eet et soutient les options de financement directes offertes aux adultes de 18 ans ou plus ayant une d\u00e9ficience intellectuelle par le minist\u00e8re des Services \u00e0 l\u2019enfance et des Services sociaux et communautaires.<\/p>\n\n\n\n<p>Le programme Passeport est con\u00e7u pour fournir des fonds pour les activit\u00e9s sociales et de loisirs, les activit\u00e9s de la vie quotidienne et la planification centr\u00e9e sur la personne. Il couvre \u00e9galement les frais de rel\u00e8ve de l&rsquo;aidant et les services de soutien. <\/p>\n\n\n\n<p>Les familles ont la possibilit\u00e9 de g\u00e9rer leurs propres fonds et de soumettre des factures et des re\u00e7us \u00e0 PassportONE pour remboursement ou d&rsquo;acheter le service par l&rsquo;interm\u00e9diaire d\u2019Int\u00e9gration Communautaire &#8211; comt\u00e9 de Stormont. Nous offrons des services de qualit\u00e9 par un personnel qualifi\u00e9. <\/p>\n\n\n\n<figure class=\"wp-block-gallery has-nested-images columns-default is-cropped wp-block-gallery-1 is-layout-flex wp-block-gallery-is-layout-flex\">\n<figure class=\"wp-block-image size-large\"><img loading=\"lazy\" decoding=\"async\" width=\"768\" height=\"1024\" data-id=\"2742\" src=\"https:\/\/communitylivingstormontcounty.ca\/wp-content\/uploads\/2025\/07\/1000000454-768x1024.jpg\" alt=\"\" class=\"wp-image-2742\" srcset=\"https:\/\/communitylivingstormontcounty.ca\/wp-content\/uploads\/2025\/07\/1000000454-768x1024.jpg 768w, https:\/\/communitylivingstormontcounty.ca\/wp-content\/uploads\/2025\/07\/1000000454-480x640.jpg 480w\" sizes=\"(min-width: 0px) and (max-width: 480px) 480px, (min-width: 481px) 768px, 100vw\" \/><\/figure>\n\n\n\n<figure class=\"wp-block-image size-large\"><img loading=\"lazy\" decoding=\"async\" width=\"768\" height=\"1024\" data-id=\"2744\" src=\"https:\/\/communitylivingstormontcounty.ca\/wp-content\/uploads\/2025\/07\/1000000386-768x1024.jpg\" alt=\"\" class=\"wp-image-2744\" srcset=\"https:\/\/communitylivingstormontcounty.ca\/wp-content\/uploads\/2025\/07\/1000000386-768x1024.jpg 768w, https:\/\/communitylivingstormontcounty.ca\/wp-content\/uploads\/2025\/07\/1000000386-480x640.jpg 480w\" sizes=\"(min-width: 0px) and (max-width: 480px) 480px, (min-width: 481px) 768px, 100vw\" \/><\/figure>\n\n\n\n<figure class=\"wp-block-image size-large\"><img loading=\"lazy\" decoding=\"async\" width=\"768\" height=\"1024\" data-id=\"2746\" src=\"https:\/\/communitylivingstormontcounty.ca\/wp-content\/uploads\/2025\/07\/1000000457-768x1024.jpg\" alt=\"\" class=\"wp-image-2746\" srcset=\"https:\/\/communitylivingstormontcounty.ca\/wp-content\/uploads\/2025\/07\/1000000457-768x1024.jpg 768w, https:\/\/communitylivingstormontcounty.ca\/wp-content\/uploads\/2025\/07\/1000000457-480x640.jpg 480w\" sizes=\"(min-width: 0px) and (max-width: 480px) 480px, (min-width: 481px) 768px, 100vw\" \/><\/figure>\n<\/figure>\n\n\n\n<p><\/p>\n\n\n\n<hr class=\"wp-block-separator has-alpha-channel-opacity is-style-wide\"\/>\n\n\n\n<h3 class=\"wp-block-heading\">Admissibilit\u00e9 : <\/h3>\n\n\n\n<p>Pour \u00eatre admissible \u00e0 l&rsquo;aide financi\u00e8re du programme Passeport, vous devez pr\u00e9senter une demande \u00e0 <a href=\"https:\/\/www.dsontario.ca\/\">Services de l\u2019Ontario pour les personnes ayant une d\u00e9ficience intellectuelle<\/a> &#8211; <a href=\"tel:18553763737\">1-855-376-3737<\/a><\/p>\n","protected":false},"excerpt":{"rendered":"<p>Int\u00e9gration Communautaire &#8211; comt\u00e9 de Stormont reconna\u00eet et soutient les options de financement directes offertes aux adultes de 18 ans ou plus ayant une d\u00e9ficience intellectuelle par le minist\u00e8re des Services \u00e0 l\u2019enfance et des Services sociaux et communautaires. Le programme Passeport est con\u00e7u pour fournir des fonds pour les activit\u00e9s sociales et de loisirs, [&hellip;]<\/p>\n","protected":false},"author":1,"featured_media":0,"parent":1540,"menu_order":0,"comment_status":"closed","ping_status":"closed","template":"","meta":{"_et_pb_use_builder":"","_et_pb_old_content":"","_et_gb_content_width":"","footnotes":""},"class_list":["post-1530","page","type-page","status-publish","hentry"],"_links":{"self":[{"href":"https:\/\/communitylivingstormontcounty.ca\/fr\/wp-json\/wp\/v2\/pages\/1530","targetHints":{"allow":["GET"]}}],"collection":[{"href":"https:\/\/communitylivingstormontcounty.ca\/fr\/wp-json\/wp\/v2\/pages"}],"about":[{"href":"https:\/\/communitylivingstormontcounty.ca\/fr\/wp-json\/wp\/v2\/types\/page"}],"author":[{"embeddable":true,"href":"https:\/\/communitylivingstormontcounty.ca\/fr\/wp-json\/wp\/v2\/users\/1"}],"replies":[{"embeddable":true,"href":"https:\/\/communitylivingstormontcounty.ca\/fr\/wp-json\/wp\/v2\/comments?post=1530"}],"version-history":[{"count":3,"href":"https:\/\/communitylivingstormontcounty.ca\/fr\/wp-json\/wp\/v2\/pages\/1530\/revisions"}],"predecessor-version":[{"id":2773,"href":"https:\/\/communitylivingstormontcounty.ca\/fr\/wp-json\/wp\/v2\/pages\/1530\/revisions\/2773"}],"up":[{"embeddable":true,"href":"https:\/\/communitylivingstormontcounty.ca\/fr\/wp-json\/wp\/v2\/pages\/1540"}],"wp:attachment":[{"href":"https:\/\/communitylivingstormontcounty.ca\/fr\/wp-json\/wp\/v2\/media?parent=1530"}],"curies":[{"name":"wp","href":"https:\/\/api.w.org\/{rel}","templated":true}]}}