{"id":1532,"date":"2022-04-27T14:41:20","date_gmt":"2022-04-27T18:41:20","guid":{"rendered":"https:\/\/communitylivingstormontcounty.ca\/impliquez-vous\/"},"modified":"2026-01-22T09:09:32","modified_gmt":"2026-01-22T14:09:32","slug":"impliquez-vous","status":"publish","type":"page","link":"https:\/\/communitylivingstormontcounty.ca\/fr\/impliquez-vous\/","title":{"rendered":"Impliquez-vous"},"content":{"rendered":"\n<h2 class=\"wp-block-heading\">Devenir membre<\/h2>\n\n\n\n<h4 class=\"wp-block-heading\">Nous avons besoin de conna\u00eetre votre avis. Aidez-nous \u00e0 renforcer cette voix en devenant membre d\u2019lnt\u00e9gration communautaire \u2013 comt\u00e9 de Stormont d\u00e8s aujourd\u2019hui!<\/h4>\n\n\n\n<p>Les membres forment une composante importante d\u2019Int\u00e9gration communautaire \u2013 comt\u00e9 de Stormont (ICCS). Un <em>groupe de membres solidaires<\/em>indique au gouvernement que bien des gens ont confiance dans notre travail. Cette voix renforce la position <em>d\u2019Int\u00e9gration communautaire \u2013 comt\u00e9 de Stormont<\/em> lorsqu&rsquo;il s&rsquo;agit de d\u00e9fendre les int\u00e9r\u00eats des personnes ayant une d\u00e9ficience intellectuelle. <\/p>\n\n\n\n<h4 class=\"wp-block-heading\">Avantages de l&rsquo;adh\u00e9sion<\/h4>\n\n\n\n<ul class=\"wp-block-list\">\n<li>Participation \u00e0 l\u2019assembl\u00e9e g\u00e9n\u00e9rale et aux r\u00e9unions ordinaires<\/li>\n\n\n\n<li>Possibilit\u00e9s de r\u00e9seautage<\/li>\n\n\n\n<li>Occasion de faire cause commune<\/li>\n\n\n\n<li>Participation \u00e0 divers comit\u00e9s<\/li>\n\n\n\n<li>Adh\u00e9sion \u00e0 l\u2019Association ontarienne d\u2019int\u00e9gration communautaire.<\/li>\n\n\n\n<li>Droit de vote<\/li>\n\n\n\n<li>Connaissances accrues sur des questions pertinentes et occasions d\u2019aborder des probl\u00e8mes partag\u00e9s avec ses pairs.<\/li>\n\n\n\n<li>Participation \u00e0 l\u2019\u00e9tablissement de l\u2019ordre du jour<\/li>\n\n\n\n<li>Voix mieux entendue.<\/li>\n<\/ul>\n\n\n\n<p><\/p>\n\n\n\n<div class=\"wp-block-buttons is-layout-flex wp-block-buttons-is-layout-flex\">\n<div class=\"wp-block-button\"><a class=\"wp-block-button__link wp-element-button\" href=\"\/wp-content\/documents\/Membership_Registration.docx\">Formulaire d&rsquo;adh\u00e9sion<\/a><\/div>\n<\/div>\n\n\n\n<hr class=\"wp-block-separator has-alpha-channel-opacity is-style-wide\"\/>\n\n\n\n<h2 class=\"wp-block-heading\">Donner<\/h2>\n\n\n\n<p>Int\u00e9gration communautaire comt\u00e9 de Stormont est un organisme sans but lucratif. Nous comptons sur vos dons pour nous aider \u00e0 prendre soin des personnes que nous soutenons. Il existe plusieurs fa\u00e7ons de faire un don \u00e0 Community Living Stormont County.<\/p>\n\n\n\n<p><\/p>\n\n\n\n<div class=\"wp-block-columns is-layout-flex wp-container-core-columns-is-layout-9d6595d7 wp-block-columns-is-layout-flex\">\n<div class=\"wp-block-column is-layout-flow wp-block-column-is-layout-flow\">\n<h4 class=\"wp-block-heading\">En ligne<\/h4>\n\n\n\n<p>Les dons sont la m\u00e9thode la plus rapide et la plus polyvalente pour soutenir nos services communautaires. Vous pouvez cliquer sur le bouton ci-dessous et faire un don en ligne en moins de 3 minutes.<\/p>\n\n\n\n<p><\/p>\n\n\n\n<div class=\"wp-block-buttons is-layout-flex wp-block-buttons-is-layout-flex\">\n<div class=\"wp-block-button\"><a class=\"wp-block-button__link wp-element-button\" href=\"https:\/\/communitylivingstormontcounty.ca\/fr\/donner\/\">Donnez en ligne<\/a><\/div>\n<\/div>\n<\/div>\n\n\n\n<div class=\"wp-block-column is-layout-flow wp-block-column-is-layout-flow\">\n<h4 class=\"wp-block-heading\">En personne<\/h4>\n\n\n\n<p>Nous acceptons les esp\u00e8ces, les ch\u00e8ques et les mandats. Veuillez nous rendre visite \u00e0 :<\/p>\n\n\n\n<p><strong>Int\u00e9gration communautaire <br>comt\u00e9 de Stormont<\/strong><br>280 Neuvi\u00e8me rue, Ouest, <br>Cornwall ON K6H 5J6<\/p>\n<\/div>\n\n\n\n<div class=\"wp-block-column is-layout-flow wp-block-column-is-layout-flow\">\n<h4 class=\"wp-block-heading\">Par la poste <\/h4>\n\n\n\n<p>Nous pouvons accepter votre ch\u00e8que par la poste. Veuillez libeller tous les ch\u00e8ques \u00e0 l&rsquo;ordre de :<\/p>\n\n\n\n<p><strong>Int\u00e9gration communautaire <br>comt\u00e9 de Stormont <\/strong><br>280 Neuvi\u00e8me rue, Ouest, <br>Cornwall ON K6H 5J6<\/p>\n<\/div>\n<\/div>\n\n\n\n<hr class=\"wp-block-separator has-alpha-channel-opacity is-style-wide\"\/>\n\n\n\n<h2 class=\"wp-block-heading\">Cr\u00e9er des liens d\u2019amiti\u00e9<\/h2>\n\n\n\n<p>Cr\u00e9er des liens d\u2019amiti\u00e9 est un programme de b\u00e9n\u00e9volat parrain\u00e9 par Int\u00e9gration communautaire-Comt\u00e9 de Stormont. Des b\u00e9n\u00e9voles sont recrut\u00e9s dans tout le comt\u00e9 de Stormont, d\u00e9sireux de devenir le mentor et l&rsquo;ami d&rsquo;une personne ayant une d\u00e9ficience intellectuelle.<\/p>\n\n\n\n<h3 class=\"wp-block-heading\">Pour en savoir plus :<\/h3>\n\n\n\n<p><strong>T\u00e9l\u00e9phone<\/strong> : <a href=\"tel:6139389550\">613-938-9550<\/a><br><strong>Courriel<\/strong>: <a href=\"mailto:info@clstormont.ca\">info@clstormont.ca<\/a><\/p>\n","protected":false},"excerpt":{"rendered":"<p>Devenir membre Nous avons besoin de conna\u00eetre votre avis. Aidez-nous \u00e0 renforcer cette voix en devenant membre d\u2019lnt\u00e9gration communautaire \u2013 comt\u00e9 de Stormont d\u00e8s aujourd\u2019hui! Les membres forment une composante importante d\u2019Int\u00e9gration communautaire \u2013 comt\u00e9 de Stormont (ICCS). Un groupe de membres solidairesindique au gouvernement que bien des gens ont confiance dans notre travail. Cette [&hellip;]<\/p>\n","protected":false},"author":1,"featured_media":0,"parent":0,"menu_order":0,"comment_status":"closed","ping_status":"closed","template":"","meta":{"_et_pb_use_builder":"","_et_pb_old_content":"","_et_gb_content_width":"","footnotes":""},"class_list":["post-1532","page","type-page","status-publish","hentry"],"_links":{"self":[{"href":"https:\/\/communitylivingstormontcounty.ca\/fr\/wp-json\/wp\/v2\/pages\/1532","targetHints":{"allow":["GET"]}}],"collection":[{"href":"https:\/\/communitylivingstormontcounty.ca\/fr\/wp-json\/wp\/v2\/pages"}],"about":[{"href":"https:\/\/communitylivingstormontcounty.ca\/fr\/wp-json\/wp\/v2\/types\/page"}],"author":[{"embeddable":true,"href":"https:\/\/communitylivingstormontcounty.ca\/fr\/wp-json\/wp\/v2\/users\/1"}],"replies":[{"embeddable":true,"href":"https:\/\/communitylivingstormontcounty.ca\/fr\/wp-json\/wp\/v2\/comments?post=1532"}],"version-history":[{"count":20,"href":"https:\/\/communitylivingstormontcounty.ca\/fr\/wp-json\/wp\/v2\/pages\/1532\/revisions"}],"predecessor-version":[{"id":2905,"href":"https:\/\/communitylivingstormontcounty.ca\/fr\/wp-json\/wp\/v2\/pages\/1532\/revisions\/2905"}],"wp:attachment":[{"href":"https:\/\/communitylivingstormontcounty.ca\/fr\/wp-json\/wp\/v2\/media?parent=1532"}],"curies":[{"name":"wp","href":"https:\/\/api.w.org\/{rel}","templated":true}]}}