{"id":1538,"date":"2022-04-27T14:38:22","date_gmt":"2022-04-27T18:38:22","guid":{"rendered":"https:\/\/communitylivingstormontcounty.ca\/ressources\/"},"modified":"2025-07-17T14:06:06","modified_gmt":"2025-07-17T18:06:06","slug":"ressources","status":"publish","type":"page","link":"https:\/\/communitylivingstormontcounty.ca\/fr\/ressources\/","title":{"rendered":"Partenariats et ressources"},"content":{"rendered":"\n<p>De nombreux partenaires communautaires jouent un r\u00f4le dans la fourniture des services n\u00e9cessaires au bien-\u00eatre des adultes ayant une d\u00e9ficience intellectuelle.<\/p>\n\n\n\n<p><a href=\"https:\/\/www.sopdi.ca\/agencies\/dso-eastern\" data-type=\"link\" data-id=\"https:\/\/www.sopdi.ca\/agencies\/dso-eastern\" target=\"_blank\" rel=\"noreferrer noopener\">SOPDI de la r\u00e9gion de l\u2019Est | DSO French<\/a><\/p>\n\n\n\n<p><a href=\"https:\/\/www.dsontario.ca\/\" data-type=\"link\" data-id=\"https:\/\/www.dsontario.ca\/\" target=\"_blank\" rel=\"noreferrer noopener\">Accueil | DSO (dsontario.ca)<\/a><\/p>\n\n\n\n<p><a href=\"https:\/\/communitylivingontario.ca\/\" target=\"_blank\" rel=\"noreferrer noopener\">Int\u00e9gration communautaire Ontario | Inspirant des possibilit\u00e9s<\/a><\/p>\n\n\n\n<p><a href=\"https:\/\/oasisonline.ca\/\" target=\"_blank\" rel=\"noreferrer noopener\">OASIS en ligne \u2013 Ontario Agencies Supporting Individuals with Special Needs<\/a><\/p>\n\n\n\n<p><a href=\"https:\/\/oadd.org\/\" target=\"_blank\" rel=\"noreferrer noopener\">Ontario Association on Developmental Disabilities (oadd.org)<\/a><\/p>\n\n\n\n<p><a href=\"https:\/\/www.ontario.ca\/fr\/page\/ministere-des-services-lenfance-et-des-services-sociaux-et-communautaires\" data-type=\"link\" data-id=\"https:\/\/www.ontario.ca\/fr\/page\/ministere-des-services-lenfance-et-des-services-sociaux-et-communautaires\" target=\"_blank\" rel=\"noreferrer noopener\">Minist\u00e8re des Services \u00e0 l\u2019enfance et des Services sociaux et communautaires | ontario.ca<\/a><\/p>\n\n\n\n<p><a href=\"https:\/\/www.otn.ca\/fr\/\" target=\"_blank\" rel=\"noreferrer noopener\">Page d\u2019accueil &#8211; OTN.ca<\/a><\/p>\n\n\n\n<p><a href=\"https:\/\/www.familiesmattercoop.ca\/\" target=\"_blank\" rel=\"noreferrer noopener\">Families Matter Co-op<\/a><\/p>\n\n\n\n<p><a href=\"https:\/\/eohu.ca\/fr\" data-type=\"link\" data-id=\"https:\/\/eohu.ca\/fr\" target=\"_blank\" rel=\"noreferrer noopener\">BSEO &#8211; Bureau de sant\u00e9 de l\u2019est de l\u2019Ontario<\/a><\/p>\n\n\n\n<p><a href=\"https:\/\/cneo-nceo.ca\/centre-de-contact-aiguillage\/renseignements-et-aiguillage-211\/\" data-type=\"link\" data-id=\"https:\/\/cneo-nceo.ca\/centre-de-contact-aiguillage\/renseignements-et-aiguillage-211\/\" target=\"_blank\" rel=\"noreferrer noopener\">Renseignements et aiguillage \/ 211 | Navigation communautaire de l\u2019Est ontarien<\/a><\/p>\n\n\n\n<p><a href=\"https:\/\/www.levelaccess.com\/a\/cacl-fr\/\" data-type=\"link\" data-id=\"https:\/\/www.levelaccess.com\/a\/cacl-fr\/\" target=\"_blank\" rel=\"noreferrer noopener\">Canadian Association for Community Living (CACL) \u2013 eSSENTIAL Accessibility: A Web Accessibility Solution<\/a><\/p>\n\n\n\n<p><a href=\"https:\/\/www.cornwallhospital.ca\/fr\/home\" target=\"_blank\" rel=\"noreferrer noopener\">H\u00f4pital communautaire de Cornwall<\/a><\/p>\n\n\n\n<p><a href=\"https:\/\/www.cornwall.ca\/fr\/index.aspx\" target=\"_blank\" rel=\"noreferrer noopener\">Ville de Cornwall<\/a><\/p>\n\n\n\n<p><a href=\"https:\/\/www.ontario.ca\/fr\/page\/trouver-un-service-de-garde-denfants-et-de-laide-financiere\" data-type=\"link\" data-id=\"https:\/\/www.ontario.ca\/fr\/page\/trouver-un-service-de-garde-denfants-et-de-laide-financiere\" target=\"_blank\" rel=\"noreferrer noopener\">Services de garde d\u2019enfants et aide financi\u00e8re| ontario.ca<\/a><\/p>\n\n\n\n<p><a href=\"https:\/\/inclusioncanada.ca\/fr\/\" target=\"_blank\" rel=\"noreferrer noopener\">Inclusion Canada \u2013 Inclusion Canada est une f\u00e9d\u00e9ration nationale qui s<\/a>&lsquo;<a href=\"https:\/\/inclusioncanada.ca\/fr\/\" target=\"_blank\" rel=\"noreferrer noopener\">efforce de promouvoir la pleine int\u00e9gration et les droits de la personne des personnes ayant une d\u00e9ficience intellectuelle et de leur famille.<\/a><\/p>\n\n\n\n<p><a href=\"https:\/\/www.cscestrie.on.ca\/\" target=\"_blank\" rel=\"noreferrer noopener\">Centre de sant\u00e9 communautaire de l&rsquo;Estrie<\/a><\/p>\n\n\n\n<p><a href=\"https:\/\/seawayvalleychc.ca\/\" target=\"_blank\" rel=\"noreferrer noopener\">Centre de sant\u00e9 communautaire de Seaway Valley<\/a><\/p>\n\n\n\n<p><a href=\"https:\/\/www.medicalartspharmacy.ca\/\" target=\"_blank\" rel=\"noreferrer noopener\">Medical Arts Pharmacy<\/a><\/p>\n\n\n\n<p><a href=\"https:\/\/www.cornwall.ca\/fr\/live-here\/social-housing-division.aspx\" data-type=\"link\" data-id=\"https:\/\/www.cornwall.ca\/fr\/live-here\/social-housing-division.aspx\" target=\"_blank\" rel=\"noreferrer noopener\">Programmes de logement &#8211; Ville de Cornwall<\/a><\/p>\n\n\n\n<p><a href=\"https:\/\/jobzonedemploi.ca\/francais\/\" target=\"_blank\" rel=\"noreferrer noopener\">Job Zone d&#8217;emploi (jobzonedemploi.ca)<\/a><\/p>\n\n\n\n<p><a href=\"https:\/\/www.stlawrenceparks.com\/fr\/\" target=\"_blank\" rel=\"noreferrer noopener\">Campings et plages &#8211; Les parcs du Saint Laurent (stlawrenceparks.com)<\/a><\/p>\n\n\n\n<p><a href=\"https:\/\/www.autismontario.com\/fr\/notre-sujet\" data-type=\"link\" data-id=\"https:\/\/www.autismontario.com\/about-us\" target=\"_blank\" rel=\"noreferrer noopener\">Autisme Ontario<\/a><\/p>\n","protected":false},"excerpt":{"rendered":"<p>De nombreux partenaires communautaires jouent un r\u00f4le dans la fourniture des services n\u00e9cessaires au bien-\u00eatre des adultes ayant une d\u00e9ficience intellectuelle. SOPDI de la r\u00e9gion de l\u2019Est | DSO French Accueil | DSO (dsontario.ca) Int\u00e9gration communautaire Ontario | Inspirant des possibilit\u00e9s OASIS en ligne \u2013 Ontario Agencies Supporting Individuals with Special Needs Ontario Association on [&hellip;]<\/p>\n","protected":false},"author":1,"featured_media":0,"parent":0,"menu_order":0,"comment_status":"closed","ping_status":"closed","template":"","meta":{"_et_pb_use_builder":"","_et_pb_old_content":"","_et_gb_content_width":"","footnotes":""},"class_list":["post-1538","page","type-page","status-publish","hentry"],"_links":{"self":[{"href":"https:\/\/communitylivingstormontcounty.ca\/fr\/wp-json\/wp\/v2\/pages\/1538","targetHints":{"allow":["GET"]}}],"collection":[{"href":"https:\/\/communitylivingstormontcounty.ca\/fr\/wp-json\/wp\/v2\/pages"}],"about":[{"href":"https:\/\/communitylivingstormontcounty.ca\/fr\/wp-json\/wp\/v2\/types\/page"}],"author":[{"embeddable":true,"href":"https:\/\/communitylivingstormontcounty.ca\/fr\/wp-json\/wp\/v2\/users\/1"}],"replies":[{"embeddable":true,"href":"https:\/\/communitylivingstormontcounty.ca\/fr\/wp-json\/wp\/v2\/comments?post=1538"}],"version-history":[{"count":11,"href":"https:\/\/communitylivingstormontcounty.ca\/fr\/wp-json\/wp\/v2\/pages\/1538\/revisions"}],"predecessor-version":[{"id":2732,"href":"https:\/\/communitylivingstormontcounty.ca\/fr\/wp-json\/wp\/v2\/pages\/1538\/revisions\/2732"}],"wp:attachment":[{"href":"https:\/\/communitylivingstormontcounty.ca\/fr\/wp-json\/wp\/v2\/media?parent=1538"}],"curies":[{"name":"wp","href":"https:\/\/api.w.org\/{rel}","templated":true}]}}