{"id":1543,"date":"2022-06-22T16:30:52","date_gmt":"2022-06-22T20:30:52","guid":{"rendered":"https:\/\/communitylivingstormontcounty.ca\/offres-demploi\/"},"modified":"2025-08-21T12:28:55","modified_gmt":"2025-08-21T16:28:55","slug":"offres-demploi","status":"publish","type":"page","link":"https:\/\/communitylivingstormontcounty.ca\/fr\/offres-demploi\/","title":{"rendered":"Offres d\u2019emploi"},"content":{"rendered":"\n<h2 class=\"wp-block-heading\">Joignez-vous \u00e0 l\u2019\u00e9quipe<\/h2>\n\n\n\n<h4 class=\"wp-block-heading\">Joignez-vous \u00e0 notre \u00e9quipe dynamique pour une carri\u00e8re enrichissante.<\/h4>\n\n\n\n<p><a href=\"\/wp-content\/documents\/careers\/Travailleur_du_soutien.docx\" data-type=\"link\" data-id=\"\/wp-content\/documents\/careers\/Travailleur_du_soutien.docx\" target=\"_blank\" rel=\"noreferrer noopener\">Nous embauchons pour des postes \u00e0 temps partiel et occasionnels! Cliquez ici s&rsquo;il vous plait <\/a><a href=\"\/wp-content\/documents\/careers\/CLSC-WEB_POSTING.doc\" data-type=\"URL\" data-id=\"\/wp-content\/documents\/careers\/CLSC-WEB_POSTING.doc\" target=\"_blank\" rel=\"noreferrer noopener\">pour plus de d\u00e9tails.<\/a><\/p>\n","protected":false},"excerpt":{"rendered":"<p>Joignez-vous \u00e0 l\u2019\u00e9quipe Joignez-vous \u00e0 notre \u00e9quipe dynamique pour une carri\u00e8re enrichissante. Nous embauchons pour des postes \u00e0 temps partiel et occasionnels! Cliquez ici s&rsquo;il vous plait pour plus de d\u00e9tails.<\/p>\n","protected":false},"author":1,"featured_media":0,"parent":0,"menu_order":0,"comment_status":"closed","ping_status":"closed","template":"","meta":{"_et_pb_use_builder":"","_et_pb_old_content":"","_et_gb_content_width":"","footnotes":""},"class_list":["post-1543","page","type-page","status-publish","hentry"],"_links":{"self":[{"href":"https:\/\/communitylivingstormontcounty.ca\/fr\/wp-json\/wp\/v2\/pages\/1543","targetHints":{"allow":["GET"]}}],"collection":[{"href":"https:\/\/communitylivingstormontcounty.ca\/fr\/wp-json\/wp\/v2\/pages"}],"about":[{"href":"https:\/\/communitylivingstormontcounty.ca\/fr\/wp-json\/wp\/v2\/types\/page"}],"author":[{"embeddable":true,"href":"https:\/\/communitylivingstormontcounty.ca\/fr\/wp-json\/wp\/v2\/users\/1"}],"replies":[{"embeddable":true,"href":"https:\/\/communitylivingstormontcounty.ca\/fr\/wp-json\/wp\/v2\/comments?post=1543"}],"version-history":[{"count":12,"href":"https:\/\/communitylivingstormontcounty.ca\/fr\/wp-json\/wp\/v2\/pages\/1543\/revisions"}],"predecessor-version":[{"id":2774,"href":"https:\/\/communitylivingstormontcounty.ca\/fr\/wp-json\/wp\/v2\/pages\/1543\/revisions\/2774"}],"wp:attachment":[{"href":"https:\/\/communitylivingstormontcounty.ca\/fr\/wp-json\/wp\/v2\/media?parent=1543"}],"curies":[{"name":"wp","href":"https:\/\/api.w.org\/{rel}","templated":true}]}}