{"id":2171,"date":"2022-11-21T10:08:56","date_gmt":"2022-11-21T15:08:56","guid":{"rendered":"https:\/\/communitylivingstormontcounty.ca\/nos-services\/services-aux-adultes\/soutiens-communautaires\/"},"modified":"2022-11-22T11:15:43","modified_gmt":"2022-11-22T16:15:43","slug":"soutiens-communautaires","status":"publish","type":"page","link":"https:\/\/communitylivingstormontcounty.ca\/fr\/nos-services\/services-aux-adultes\/soutiens-communautaires\/","title":{"rendered":"Services de soutien communautaire"},"content":{"rendered":"\n<div class=\"wp-block-columns is-layout-flex wp-container-core-columns-is-layout-9d6595d7 wp-block-columns-is-layout-flex\">\n<div class=\"wp-block-column is-layout-flow wp-block-column-is-layout-flow\">\n<p>Les personnes recevant un soutien dans ce domaine acquerront les comp\u00e9tences n\u00e9cessaires pour accro\u00eetre leur autonomie chez eux ou au sein de la communaut\u00e9. Cela comprend notamment :<\/p>\n\n\n\n<ul class=\"wp-block-list\">\n<li>Formation aux d\u00e9placements<\/li>\n\n\n\n<li>Planification des repas<\/li>\n\n\n\n<li>D\u00e9veloppement des habilet\u00e9s culinaires<\/li>\n\n\n\n<li>Gestion du budget et de l\u2019argent<\/li>\n\n\n\n<li>S\u00e9curit\u00e9 (s\u00e9curit\u00e9 personnelle, s\u00e9curit\u00e9 \u00e0 domicile)<\/li>\n\n\n\n<li>Soutien au logement<\/li>\n\n\n\n<li>Soutien social et aux loisirs<\/li>\n\n\n\n<li>Comp\u00e9tences en mati\u00e8re de soins personnels<\/li>\n\n\n\n<li>Autres domaines jug\u00e9s n\u00e9cessaires<\/li>\n<\/ul>\n<\/div>\n\n\n\n<div class=\"wp-block-column is-layout-flow wp-block-column-is-layout-flow\">\n<figure class=\"wp-block-image size-large\"><img loading=\"lazy\" decoding=\"async\" width=\"1024\" height=\"683\" src=\"https:\/\/communitylivingstormontcounty.ca\/wp-content\/uploads\/2022\/06\/UltraVistaPHO01381-1024x683.jpg\" alt=\"\" class=\"wp-image-1282\" srcset=\"https:\/\/communitylivingstormontcounty.ca\/wp-content\/uploads\/2022\/06\/UltraVistaPHO01381-980x653.jpg 980w, https:\/\/communitylivingstormontcounty.ca\/wp-content\/uploads\/2022\/06\/UltraVistaPHO01381-480x320.jpg 480w\" sizes=\"(min-width: 0px) and (max-width: 480px) 480px, (min-width: 481px) and (max-width: 980px) 980px, (min-width: 981px) 1024px, 100vw\" \/><\/figure>\n<\/div>\n<\/div>\n","protected":false},"excerpt":{"rendered":"<p>Les personnes recevant un soutien dans ce domaine acquerront les comp\u00e9tences n\u00e9cessaires pour accro\u00eetre leur autonomie chez eux ou au sein de la communaut\u00e9. Cela comprend notamment :<\/p>\n","protected":false},"author":1,"featured_media":0,"parent":1518,"menu_order":0,"comment_status":"closed","ping_status":"closed","template":"","meta":{"_et_pb_use_builder":"","_et_pb_old_content":"","_et_gb_content_width":"","footnotes":""},"class_list":["post-2171","page","type-page","status-publish","hentry"],"_links":{"self":[{"href":"https:\/\/communitylivingstormontcounty.ca\/fr\/wp-json\/wp\/v2\/pages\/2171","targetHints":{"allow":["GET"]}}],"collection":[{"href":"https:\/\/communitylivingstormontcounty.ca\/fr\/wp-json\/wp\/v2\/pages"}],"about":[{"href":"https:\/\/communitylivingstormontcounty.ca\/fr\/wp-json\/wp\/v2\/types\/page"}],"author":[{"embeddable":true,"href":"https:\/\/communitylivingstormontcounty.ca\/fr\/wp-json\/wp\/v2\/users\/1"}],"replies":[{"embeddable":true,"href":"https:\/\/communitylivingstormontcounty.ca\/fr\/wp-json\/wp\/v2\/comments?post=2171"}],"version-history":[{"count":3,"href":"https:\/\/communitylivingstormontcounty.ca\/fr\/wp-json\/wp\/v2\/pages\/2171\/revisions"}],"predecessor-version":[{"id":2188,"href":"https:\/\/communitylivingstormontcounty.ca\/fr\/wp-json\/wp\/v2\/pages\/2171\/revisions\/2188"}],"up":[{"embeddable":true,"href":"https:\/\/communitylivingstormontcounty.ca\/fr\/wp-json\/wp\/v2\/pages\/1518"}],"wp:attachment":[{"href":"https:\/\/communitylivingstormontcounty.ca\/fr\/wp-json\/wp\/v2\/media?parent=2171"}],"curies":[{"name":"wp","href":"https:\/\/api.w.org\/{rel}","templated":true}]}}